{"id":2,"date":"2018-09-24T08:23:05","date_gmt":"2018-09-24T06:23:05","guid":{"rendered":"https:\/\/hotelkultura.sk\/?page_id=2"},"modified":"2026-01-15T07:15:04","modified_gmt":"2026-01-15T06:15:04","slug":"domov","status":"publish","type":"page","link":"https:\/\/www.hotelkultura.sk\/pl\/","title":{"rendered":"(Sloven\u010dina) Domov"},"content":{"rendered":"","protected":false},"excerpt":{"rendered":"","protected":false},"author":3,"featured_media":0,"parent":0,"menu_order":21,"comment_status":"closed","ping_status":"open","template":"","meta":{"footnotes":""},"class_list":["post-2","page","type-page","status-publish","hentry"],"yoast_head":"<!-- This site is optimized with the Yoast SEO plugin v25.3 - https:\/\/yoast.com\/wordpress\/plugins\/seo\/ -->\n<title>(Sloven\u010dina) Hotel Kult\u00fara Ru\u017eomberok | hotel, wellness, kongres<\/title>\n<meta name=\"description\" content=\"(Sloven\u010dina) Hotel KULT\u00daRA ***+ sa p\u00fd\u0161i v historickom centre Ru\u017eomberka u\u017e takmer 100 rokov. Je miestom stretnut\u00ed Ru\u017eomber\u010danov, ale aj priestorom pre kongresy a svadby.\" \/>\n<meta name=\"robots\" content=\"index, follow, max-snippet:-1, max-image-preview:large, max-video-preview:-1\" \/>\n<link rel=\"canonical\" href=\"https:\/\/www.hotelkultura.sk\/\" \/>\n<meta property=\"og:locale\" content=\"pl_PL\" \/>\n<meta property=\"og:type\" content=\"article\" \/>\n<meta property=\"og:title\" content=\"[:sk]Hotel Kult\u00fara Ru\u017eomberok | hotel, wellness, kongres[:en]Hotel Kult\u00fara*** | Star\u00e1 d\u00e1ma Ru\u017eomberka[:]\" \/>\n<meta property=\"og:description\" content=\"{:sk}Hotel KULT\u00daRA ***+ sa p\u00fd\u0161i v historickom centre Ru\u017eomberka u\u017e takmer 100 rokov. Je miestom stretnut\u00ed Ru\u017eomber\u010danov, ale aj priestorom pre kongresy a svadby.{:en}Hotel KULT\u00daRA*** sa p\u00fd\u0161i v centre Ru\u017eomberka u\u017e takmer 100 rokov. Je miestom stretnut\u00ed Ru\u017eomber\u010danov, ale aj priestorom pre kongresy a komfortn\u00e9 ubytovanie.{:}\" \/>\n<meta property=\"og:url\" content=\"https:\/\/www.hotelkultura.sk\/\" \/>\n<meta property=\"og:site_name\" content=\"Hotel Kult\u00fara\" \/>\n<meta property=\"article:publisher\" content=\"https:\/\/www.facebook.com\/hotelkultura.sk\/\" \/>\n<meta property=\"article:modified_time\" content=\"2026-01-15T06:15:04+00:00\" \/>\n<meta name=\"twitter:card\" content=\"summary_large_image\" \/>\n<script type=\"application\/ld+json\" class=\"yoast-schema-graph\">{\"@context\":\"https:\/\/schema.org\",\"@graph\":[{\"@type\":\"WebPage\",\"@id\":\"https:\/\/www.hotelkultura.sk\/\",\"url\":\"https:\/\/www.hotelkultura.sk\/\",\"name\":\"[:sk]Hotel Kult\u00fara Ru\u017eomberok | hotel, wellness, kongres[:en]Hotel Kult\u00fara*** | Star\u00e1 d\u00e1ma Ru\u017eomberka[:]\",\"isPartOf\":{\"@id\":\"https:\/\/www.hotelkultura.sk\/#website\"},\"datePublished\":\"2018-09-24T06:23:05+00:00\",\"dateModified\":\"2026-01-15T06:15:04+00:00\",\"description\":\"{:sk}Hotel KULT\u00daRA ***+ sa p\u00fd\u0161i v historickom centre Ru\u017eomberka u\u017e takmer 100 rokov. Je miestom stretnut\u00ed Ru\u017eomber\u010danov, ale aj priestorom pre kongresy a svadby.{:en}Hotel KULT\u00daRA*** sa p\u00fd\u0161i v centre Ru\u017eomberka u\u017e takmer 100 rokov. Je miestom stretnut\u00ed Ru\u017eomber\u010danov, ale aj priestorom pre kongresy a komfortn\u00e9 ubytovanie.{:}\",\"breadcrumb\":{\"@id\":\"https:\/\/www.hotelkultura.sk\/#breadcrumb\"},\"inLanguage\":\"pl-PL\",\"potentialAction\":[{\"@type\":\"ReadAction\",\"target\":[\"https:\/\/www.hotelkultura.sk\/\"]}]},{\"@type\":\"BreadcrumbList\",\"@id\":\"https:\/\/www.hotelkultura.sk\/#breadcrumb\",\"itemListElement\":[{\"@type\":\"ListItem\",\"position\":1,\"name\":\"Home\",\"item\":\"https:\/\/www.hotelkultura.sk\/\"},{\"@type\":\"ListItem\",\"position\":2,\"name\":\"Domov\"}]},{\"@type\":\"WebSite\",\"@id\":\"https:\/\/www.hotelkultura.sk\/#website\",\"url\":\"https:\/\/www.hotelkultura.sk\/\",\"name\":\"Hotel Kult\u00fara\",\"description\":\"\",\"publisher\":{\"@id\":\"https:\/\/www.hotelkultura.sk\/#organization\"},\"potentialAction\":[{\"@type\":\"SearchAction\",\"target\":{\"@type\":\"EntryPoint\",\"urlTemplate\":\"https:\/\/www.hotelkultura.sk\/?s={search_term_string}\"},\"query-input\":{\"@type\":\"PropertyValueSpecification\",\"valueRequired\":true,\"valueName\":\"search_term_string\"}}],\"inLanguage\":\"pl-PL\"},{\"@type\":\"Organization\",\"@id\":\"https:\/\/www.hotelkultura.sk\/#organization\",\"name\":\"Hotel Kult\u00fara\",\"url\":\"https:\/\/www.hotelkultura.sk\/\",\"logo\":{\"@type\":\"ImageObject\",\"inLanguage\":\"pl-PL\",\"@id\":\"https:\/\/www.hotelkultura.sk\/#\/schema\/logo\/image\/\",\"url\":\"\",\"contentUrl\":\"\",\"caption\":\"Hotel Kult\u00fara\"},\"image\":{\"@id\":\"https:\/\/www.hotelkultura.sk\/#\/schema\/logo\/image\/\"},\"sameAs\":[\"https:\/\/www.facebook.com\/hotelkultura.sk\/\"]}]}<\/script>\n<!-- \/ Yoast SEO plugin. -->","yoast_head_json":{"title":"(Sloven\u010dina) Hotel Kult\u00fara Ru\u017eomberok | hotel, wellness, kongres","description":"(Sloven\u010dina) Hotel KULT\u00daRA ***+ sa p\u00fd\u0161i v historickom centre Ru\u017eomberka u\u017e takmer 100 rokov. Je miestom stretnut\u00ed Ru\u017eomber\u010danov, ale aj priestorom pre kongresy a svadby.","robots":{"index":"index","follow":"follow","max-snippet":"max-snippet:-1","max-image-preview":"max-image-preview:large","max-video-preview":"max-video-preview:-1"},"canonical":"https:\/\/www.hotelkultura.sk\/","og_locale":"pl_PL","og_type":"article","og_title":"[:sk]Hotel Kult\u00fara Ru\u017eomberok | hotel, wellness, kongres[:en]Hotel Kult\u00fara*** | Star\u00e1 d\u00e1ma Ru\u017eomberka[:]","og_description":"{:sk}Hotel KULT\u00daRA ***+ sa p\u00fd\u0161i v historickom centre Ru\u017eomberka u\u017e takmer 100 rokov. Je miestom stretnut\u00ed Ru\u017eomber\u010danov, ale aj priestorom pre kongresy a svadby.{:en}Hotel KULT\u00daRA*** sa p\u00fd\u0161i v centre Ru\u017eomberka u\u017e takmer 100 rokov. Je miestom stretnut\u00ed Ru\u017eomber\u010danov, ale aj priestorom pre kongresy a komfortn\u00e9 ubytovanie.{:}","og_url":"https:\/\/www.hotelkultura.sk\/","og_site_name":"Hotel Kult\u00fara","article_publisher":"https:\/\/www.facebook.com\/hotelkultura.sk\/","article_modified_time":"2026-01-15T06:15:04+00:00","twitter_card":"summary_large_image","schema":{"@context":"https:\/\/schema.org","@graph":[{"@type":"WebPage","@id":"https:\/\/www.hotelkultura.sk\/","url":"https:\/\/www.hotelkultura.sk\/","name":"[:sk]Hotel Kult\u00fara Ru\u017eomberok | hotel, wellness, kongres[:en]Hotel Kult\u00fara*** | Star\u00e1 d\u00e1ma Ru\u017eomberka[:]","isPartOf":{"@id":"https:\/\/www.hotelkultura.sk\/#website"},"datePublished":"2018-09-24T06:23:05+00:00","dateModified":"2026-01-15T06:15:04+00:00","description":"{:sk}Hotel KULT\u00daRA ***+ sa p\u00fd\u0161i v historickom centre Ru\u017eomberka u\u017e takmer 100 rokov. Je miestom stretnut\u00ed Ru\u017eomber\u010danov, ale aj priestorom pre kongresy a svadby.{:en}Hotel KULT\u00daRA*** sa p\u00fd\u0161i v centre Ru\u017eomberka u\u017e takmer 100 rokov. Je miestom stretnut\u00ed Ru\u017eomber\u010danov, ale aj priestorom pre kongresy a komfortn\u00e9 ubytovanie.{:}","breadcrumb":{"@id":"https:\/\/www.hotelkultura.sk\/#breadcrumb"},"inLanguage":"pl-PL","potentialAction":[{"@type":"ReadAction","target":["https:\/\/www.hotelkultura.sk\/"]}]},{"@type":"BreadcrumbList","@id":"https:\/\/www.hotelkultura.sk\/#breadcrumb","itemListElement":[{"@type":"ListItem","position":1,"name":"Home","item":"https:\/\/www.hotelkultura.sk\/"},{"@type":"ListItem","position":2,"name":"Domov"}]},{"@type":"WebSite","@id":"https:\/\/www.hotelkultura.sk\/#website","url":"https:\/\/www.hotelkultura.sk\/","name":"Hotel Kult\u00fara","description":"","publisher":{"@id":"https:\/\/www.hotelkultura.sk\/#organization"},"potentialAction":[{"@type":"SearchAction","target":{"@type":"EntryPoint","urlTemplate":"https:\/\/www.hotelkultura.sk\/?s={search_term_string}"},"query-input":{"@type":"PropertyValueSpecification","valueRequired":true,"valueName":"search_term_string"}}],"inLanguage":"pl-PL"},{"@type":"Organization","@id":"https:\/\/www.hotelkultura.sk\/#organization","name":"Hotel Kult\u00fara","url":"https:\/\/www.hotelkultura.sk\/","logo":{"@type":"ImageObject","inLanguage":"pl-PL","@id":"https:\/\/www.hotelkultura.sk\/#\/schema\/logo\/image\/","url":"","contentUrl":"","caption":"Hotel Kult\u00fara"},"image":{"@id":"https:\/\/www.hotelkultura.sk\/#\/schema\/logo\/image\/"},"sameAs":["https:\/\/www.facebook.com\/hotelkultura.sk\/"]}]}},"_links":{"self":[{"href":"https:\/\/www.hotelkultura.sk\/pl\/wp-json\/wp\/v2\/pages\/2","targetHints":{"allow":["GET"]}}],"collection":[{"href":"https:\/\/www.hotelkultura.sk\/pl\/wp-json\/wp\/v2\/pages"}],"about":[{"href":"https:\/\/www.hotelkultura.sk\/pl\/wp-json\/wp\/v2\/types\/page"}],"author":[{"embeddable":true,"href":"https:\/\/www.hotelkultura.sk\/pl\/wp-json\/wp\/v2\/users\/3"}],"replies":[{"embeddable":true,"href":"https:\/\/www.hotelkultura.sk\/pl\/wp-json\/wp\/v2\/comments?post=2"}],"version-history":[{"count":0,"href":"https:\/\/www.hotelkultura.sk\/pl\/wp-json\/wp\/v2\/pages\/2\/revisions"}],"wp:attachment":[{"href":"https:\/\/www.hotelkultura.sk\/pl\/wp-json\/wp\/v2\/media?parent=2"}],"curies":[{"name":"wp","href":"https:\/\/api.w.org\/{rel}","templated":true}]}}