{"id":1522,"date":"2019-08-02T10:53:05","date_gmt":"2019-08-02T08:53:05","guid":{"rendered":"https:\/\/hotelkultura.sk\/?page_id=1522"},"modified":"2025-06-10T15:26:01","modified_gmt":"2025-06-10T13:26:01","slug":"stuzkova","status":"publish","type":"page","link":"https:\/\/www.hotelkultura.sk\/pl\/swietowanie\/slovencina-stuzkova\/","title":{"rendered":"(Sloven\u010dina) Stu\u017ekov\u00e1"},"content":{"rendered":"<p class=\"qtranxs-available-languages-message qtranxs-available-languages-message-pl\">Przepraszamy, ten wpis jest dost\u0119pny tylko w j\u0119zyku <a href=\"https:\/\/www.hotelkultura.sk\/sk\/wp-json\/wp\/v2\/pages\/1522\" class=\"qtranxs-available-language-link qtranxs-available-language-link-sk\" title=\"Sloven\u010dina\">Sloven\u010dina<\/a> i <a href=\"https:\/\/www.hotelkultura.sk\/en\/wp-json\/wp\/v2\/pages\/1522\" class=\"qtranxs-available-language-link qtranxs-available-language-link-en\" title=\"English\">English<\/a>.<\/p>\n","protected":false},"excerpt":{"rendered":"<p>Przepraszamy, ten wpis jest dost\u0119pny tylko w j\u0119zyku Sloven\u010dina i English.<\/p>\n","protected":false},"author":3,"featured_media":0,"parent":1482,"menu_order":12,"comment_status":"closed","ping_status":"closed","template":"","meta":{"footnotes":""},"class_list":["post-1522","page","type-page","status-publish","hentry"],"yoast_head":"<!-- This site is optimized with the Yoast SEO plugin v25.3 - https:\/\/yoast.com\/wordpress\/plugins\/seo\/ -->\n<title>(Sloven\u010dina) Stu\u017ekov\u00e1 | Hotel Kult\u00fara<\/title>\n<meta name=\"robots\" content=\"index, follow, max-snippet:-1, max-image-preview:large, max-video-preview:-1\" \/>\n<link rel=\"canonical\" href=\"https:\/\/www.hotelkultura.sk\/oslavy\/stuzkova\/\" \/>\n<meta property=\"og:locale\" content=\"pl_PL\" \/>\n<meta property=\"og:type\" content=\"article\" \/>\n<meta property=\"og:title\" content=\"(Sloven\u010dina) Stu\u017ekov\u00e1 | Hotel Kult\u00fara\" \/>\n<meta property=\"og:description\" content=\"Przepraszamy, ten wpis jest dost\u0119pny tylko w j\u0119zyku Sloven\u010dina i English.\" \/>\n<meta property=\"og:url\" content=\"https:\/\/www.hotelkultura.sk\/oslavy\/stuzkova\/\" \/>\n<meta property=\"og:site_name\" content=\"Hotel Kult\u00fara\" \/>\n<meta property=\"article:publisher\" content=\"https:\/\/www.facebook.com\/hotelkultura.sk\/\" \/>\n<meta property=\"article:modified_time\" content=\"2025-06-10T13:26:01+00:00\" \/>\n<meta name=\"twitter:card\" content=\"summary_large_image\" \/>\n<meta name=\"twitter:label1\" content=\"Szacowany czas czytania\" \/>\n\t<meta name=\"twitter:data1\" content=\"1 minuta\" \/>\n<script type=\"application\/ld+json\" class=\"yoast-schema-graph\">{\"@context\":\"https:\/\/schema.org\",\"@graph\":[{\"@type\":\"WebPage\",\"@id\":\"https:\/\/www.hotelkultura.sk\/oslavy\/stuzkova\/\",\"url\":\"https:\/\/www.hotelkultura.sk\/oslavy\/stuzkova\/\",\"name\":\"(Sloven\u010dina) Stu\u017ekov\u00e1 | Hotel Kult\u00fara\",\"isPartOf\":{\"@id\":\"https:\/\/www.hotelkultura.sk\/#website\"},\"datePublished\":\"2019-08-02T08:53:05+00:00\",\"dateModified\":\"2025-06-10T13:26:01+00:00\",\"breadcrumb\":{\"@id\":\"https:\/\/www.hotelkultura.sk\/oslavy\/stuzkova\/#breadcrumb\"},\"inLanguage\":\"pl-PL\",\"potentialAction\":[{\"@type\":\"ReadAction\",\"target\":[\"https:\/\/www.hotelkultura.sk\/oslavy\/stuzkova\/\"]}]},{\"@type\":\"BreadcrumbList\",\"@id\":\"https:\/\/www.hotelkultura.sk\/oslavy\/stuzkova\/#breadcrumb\",\"itemListElement\":[{\"@type\":\"ListItem\",\"position\":1,\"name\":\"Home\",\"item\":\"https:\/\/www.hotelkultura.sk\/\"},{\"@type\":\"ListItem\",\"position\":2,\"name\":\"Oslavy\",\"item\":\"https:\/\/www.hotelkultura.sk\/oslavy\/\"},{\"@type\":\"ListItem\",\"position\":3,\"name\":\"Stu\u017ekov\u00e1\"}]},{\"@type\":\"WebSite\",\"@id\":\"https:\/\/www.hotelkultura.sk\/#website\",\"url\":\"https:\/\/www.hotelkultura.sk\/\",\"name\":\"Hotel Kult\u00fara\",\"description\":\"\",\"publisher\":{\"@id\":\"https:\/\/www.hotelkultura.sk\/#organization\"},\"potentialAction\":[{\"@type\":\"SearchAction\",\"target\":{\"@type\":\"EntryPoint\",\"urlTemplate\":\"https:\/\/www.hotelkultura.sk\/?s={search_term_string}\"},\"query-input\":{\"@type\":\"PropertyValueSpecification\",\"valueRequired\":true,\"valueName\":\"search_term_string\"}}],\"inLanguage\":\"pl-PL\"},{\"@type\":\"Organization\",\"@id\":\"https:\/\/www.hotelkultura.sk\/#organization\",\"name\":\"Hotel Kult\u00fara\",\"url\":\"https:\/\/www.hotelkultura.sk\/\",\"logo\":{\"@type\":\"ImageObject\",\"inLanguage\":\"pl-PL\",\"@id\":\"https:\/\/www.hotelkultura.sk\/#\/schema\/logo\/image\/\",\"url\":\"\",\"contentUrl\":\"\",\"caption\":\"Hotel Kult\u00fara\"},\"image\":{\"@id\":\"https:\/\/www.hotelkultura.sk\/#\/schema\/logo\/image\/\"},\"sameAs\":[\"https:\/\/www.facebook.com\/hotelkultura.sk\/\"]}]}<\/script>\n<!-- \/ Yoast SEO plugin. -->","yoast_head_json":{"title":"(Sloven\u010dina) Stu\u017ekov\u00e1 | Hotel Kult\u00fara","robots":{"index":"index","follow":"follow","max-snippet":"max-snippet:-1","max-image-preview":"max-image-preview:large","max-video-preview":"max-video-preview:-1"},"canonical":"https:\/\/www.hotelkultura.sk\/oslavy\/stuzkova\/","og_locale":"pl_PL","og_type":"article","og_title":"(Sloven\u010dina) Stu\u017ekov\u00e1 | Hotel Kult\u00fara","og_description":"Przepraszamy, ten wpis jest dost\u0119pny tylko w j\u0119zyku Sloven\u010dina i English.","og_url":"https:\/\/www.hotelkultura.sk\/oslavy\/stuzkova\/","og_site_name":"Hotel Kult\u00fara","article_publisher":"https:\/\/www.facebook.com\/hotelkultura.sk\/","article_modified_time":"2025-06-10T13:26:01+00:00","twitter_card":"summary_large_image","twitter_misc":{"Szacowany czas czytania":"1 minuta"},"schema":{"@context":"https:\/\/schema.org","@graph":[{"@type":"WebPage","@id":"https:\/\/www.hotelkultura.sk\/oslavy\/stuzkova\/","url":"https:\/\/www.hotelkultura.sk\/oslavy\/stuzkova\/","name":"(Sloven\u010dina) Stu\u017ekov\u00e1 | Hotel Kult\u00fara","isPartOf":{"@id":"https:\/\/www.hotelkultura.sk\/#website"},"datePublished":"2019-08-02T08:53:05+00:00","dateModified":"2025-06-10T13:26:01+00:00","breadcrumb":{"@id":"https:\/\/www.hotelkultura.sk\/oslavy\/stuzkova\/#breadcrumb"},"inLanguage":"pl-PL","potentialAction":[{"@type":"ReadAction","target":["https:\/\/www.hotelkultura.sk\/oslavy\/stuzkova\/"]}]},{"@type":"BreadcrumbList","@id":"https:\/\/www.hotelkultura.sk\/oslavy\/stuzkova\/#breadcrumb","itemListElement":[{"@type":"ListItem","position":1,"name":"Home","item":"https:\/\/www.hotelkultura.sk\/"},{"@type":"ListItem","position":2,"name":"Oslavy","item":"https:\/\/www.hotelkultura.sk\/oslavy\/"},{"@type":"ListItem","position":3,"name":"Stu\u017ekov\u00e1"}]},{"@type":"WebSite","@id":"https:\/\/www.hotelkultura.sk\/#website","url":"https:\/\/www.hotelkultura.sk\/","name":"Hotel Kult\u00fara","description":"","publisher":{"@id":"https:\/\/www.hotelkultura.sk\/#organization"},"potentialAction":[{"@type":"SearchAction","target":{"@type":"EntryPoint","urlTemplate":"https:\/\/www.hotelkultura.sk\/?s={search_term_string}"},"query-input":{"@type":"PropertyValueSpecification","valueRequired":true,"valueName":"search_term_string"}}],"inLanguage":"pl-PL"},{"@type":"Organization","@id":"https:\/\/www.hotelkultura.sk\/#organization","name":"Hotel Kult\u00fara","url":"https:\/\/www.hotelkultura.sk\/","logo":{"@type":"ImageObject","inLanguage":"pl-PL","@id":"https:\/\/www.hotelkultura.sk\/#\/schema\/logo\/image\/","url":"","contentUrl":"","caption":"Hotel Kult\u00fara"},"image":{"@id":"https:\/\/www.hotelkultura.sk\/#\/schema\/logo\/image\/"},"sameAs":["https:\/\/www.facebook.com\/hotelkultura.sk\/"]}]}},"_links":{"self":[{"href":"https:\/\/www.hotelkultura.sk\/pl\/wp-json\/wp\/v2\/pages\/1522","targetHints":{"allow":["GET"]}}],"collection":[{"href":"https:\/\/www.hotelkultura.sk\/pl\/wp-json\/wp\/v2\/pages"}],"about":[{"href":"https:\/\/www.hotelkultura.sk\/pl\/wp-json\/wp\/v2\/types\/page"}],"author":[{"embeddable":true,"href":"https:\/\/www.hotelkultura.sk\/pl\/wp-json\/wp\/v2\/users\/3"}],"replies":[{"embeddable":true,"href":"https:\/\/www.hotelkultura.sk\/pl\/wp-json\/wp\/v2\/comments?post=1522"}],"version-history":[{"count":0,"href":"https:\/\/www.hotelkultura.sk\/pl\/wp-json\/wp\/v2\/pages\/1522\/revisions"}],"up":[{"embeddable":true,"href":"https:\/\/www.hotelkultura.sk\/pl\/wp-json\/wp\/v2\/pages\/1482"}],"wp:attachment":[{"href":"https:\/\/www.hotelkultura.sk\/pl\/wp-json\/wp\/v2\/media?parent=1522"}],"curies":[{"name":"wp","href":"https:\/\/api.w.org\/{rel}","templated":true}]}}