{"id":1105,"date":"2019-04-09T15:29:48","date_gmt":"2019-04-09T13:29:48","guid":{"rendered":"https:\/\/hotelkultura.sk\/?page_id=1105"},"modified":"2019-11-07T11:36:10","modified_gmt":"2019-11-07T10:36:10","slug":"english-rekreacne-poukazy","status":"publish","type":"page","link":"https:\/\/www.hotelkultura.sk\/pl\/slovencina-prva-dama-ruzomberka\/english-rekreacne-poukazy\/","title":{"rendered":"(Sloven\u010dina) Pr\u00edspevok na rekre\u00e1ciu"},"content":{"rendered":"<p class=\"qtranxs-available-languages-message qtranxs-available-languages-message-pl\">Przepraszamy, ten wpis jest dost\u0119pny tylko w j\u0119zyku <a href=\"https:\/\/www.hotelkultura.sk\/sk\/wp-json\/wp\/v2\/pages\/1105\" class=\"qtranxs-available-language-link qtranxs-available-language-link-sk\" title=\"Sloven\u010dina\">Sloven\u010dina<\/a>.<\/p>\n","protected":false},"excerpt":{"rendered":"<p>(Sloven\u010dina) U\u0161etrite a\u017e 275 EUR z ceny v\u00e1\u0161ho pobytu! Vyu\u017eite pr\u00edspevok na rekre\u00e1ciu ak pracujete v spolo\u010dnosti s viac ako 50 zamestnancami.<\/p>\n","protected":false},"author":3,"featured_media":0,"parent":1093,"menu_order":30,"comment_status":"closed","ping_status":"closed","template":"","meta":{"footnotes":""},"class_list":["post-1105","page","type-page","status-publish","hentry"],"yoast_head":"<!-- This site is optimized with the Yoast SEO plugin v25.3 - https:\/\/yoast.com\/wordpress\/plugins\/seo\/ -->\n<title>(Sloven\u010dina) Pr\u00edspevok na rekre\u00e1ciu | Hotel Kult\u00fara<\/title>\n<meta name=\"robots\" content=\"index, follow, max-snippet:-1, max-image-preview:large, max-video-preview:-1\" \/>\n<link rel=\"canonical\" href=\"https:\/\/www.hotelkultura.sk\/hotel\/rekreacne-poukazy\/\" \/>\n<meta property=\"og:locale\" content=\"pl_PL\" \/>\n<meta property=\"og:type\" content=\"article\" \/>\n<meta property=\"og:title\" content=\"(Sloven\u010dina) Pr\u00edspevok na rekre\u00e1ciu | Hotel Kult\u00fara\" \/>\n<meta property=\"og:description\" content=\"(Sloven\u010dina) U\u0161etrite a\u017e 275 EUR z ceny v\u00e1\u0161ho pobytu! Vyu\u017eite pr\u00edspevok na rekre\u00e1ciu ak pracujete v spolo\u010dnosti s viac ako 50 zamestnancami.\" \/>\n<meta property=\"og:url\" content=\"https:\/\/www.hotelkultura.sk\/hotel\/rekreacne-poukazy\/\" \/>\n<meta property=\"og:site_name\" content=\"Hotel Kult\u00fara\" \/>\n<meta property=\"article:publisher\" content=\"https:\/\/www.facebook.com\/hotelkultura.sk\/\" \/>\n<meta property=\"article:modified_time\" content=\"2019-11-07T10:36:10+00:00\" \/>\n<meta name=\"twitter:card\" content=\"summary_large_image\" \/>\n<script type=\"application\/ld+json\" class=\"yoast-schema-graph\">{\"@context\":\"https:\/\/schema.org\",\"@graph\":[{\"@type\":\"WebPage\",\"@id\":\"https:\/\/www.hotelkultura.sk\/hotel\/rekreacne-poukazy\/\",\"url\":\"https:\/\/www.hotelkultura.sk\/hotel\/rekreacne-poukazy\/\",\"name\":\"(Sloven\u010dina) Pr\u00edspevok na rekre\u00e1ciu | Hotel Kult\u00fara\",\"isPartOf\":{\"@id\":\"https:\/\/www.hotelkultura.sk\/#website\"},\"datePublished\":\"2019-04-09T13:29:48+00:00\",\"dateModified\":\"2019-11-07T10:36:10+00:00\",\"breadcrumb\":{\"@id\":\"https:\/\/www.hotelkultura.sk\/hotel\/rekreacne-poukazy\/#breadcrumb\"},\"inLanguage\":\"pl-PL\",\"potentialAction\":[{\"@type\":\"ReadAction\",\"target\":[\"https:\/\/www.hotelkultura.sk\/hotel\/rekreacne-poukazy\/\"]}]},{\"@type\":\"BreadcrumbList\",\"@id\":\"https:\/\/www.hotelkultura.sk\/hotel\/rekreacne-poukazy\/#breadcrumb\",\"itemListElement\":[{\"@type\":\"ListItem\",\"position\":1,\"name\":\"Home\",\"item\":\"https:\/\/www.hotelkultura.sk\/\"},{\"@type\":\"ListItem\",\"position\":2,\"name\":\"Prv\u00e1 d\u00e1ma Ru\u017eomberka\",\"item\":\"https:\/\/www.hotelkultura.sk\/hotel\/\"},{\"@type\":\"ListItem\",\"position\":3,\"name\":\"Pr\u00edspevok na rekre\u00e1ciu\"}]},{\"@type\":\"WebSite\",\"@id\":\"https:\/\/www.hotelkultura.sk\/#website\",\"url\":\"https:\/\/www.hotelkultura.sk\/\",\"name\":\"Hotel Kult\u00fara\",\"description\":\"\",\"publisher\":{\"@id\":\"https:\/\/www.hotelkultura.sk\/#organization\"},\"potentialAction\":[{\"@type\":\"SearchAction\",\"target\":{\"@type\":\"EntryPoint\",\"urlTemplate\":\"https:\/\/www.hotelkultura.sk\/?s={search_term_string}\"},\"query-input\":{\"@type\":\"PropertyValueSpecification\",\"valueRequired\":true,\"valueName\":\"search_term_string\"}}],\"inLanguage\":\"pl-PL\"},{\"@type\":\"Organization\",\"@id\":\"https:\/\/www.hotelkultura.sk\/#organization\",\"name\":\"Hotel Kult\u00fara\",\"url\":\"https:\/\/www.hotelkultura.sk\/\",\"logo\":{\"@type\":\"ImageObject\",\"inLanguage\":\"pl-PL\",\"@id\":\"https:\/\/www.hotelkultura.sk\/#\/schema\/logo\/image\/\",\"url\":\"\",\"contentUrl\":\"\",\"caption\":\"Hotel Kult\u00fara\"},\"image\":{\"@id\":\"https:\/\/www.hotelkultura.sk\/#\/schema\/logo\/image\/\"},\"sameAs\":[\"https:\/\/www.facebook.com\/hotelkultura.sk\/\"]}]}<\/script>\n<!-- \/ Yoast SEO plugin. -->","yoast_head_json":{"title":"(Sloven\u010dina) Pr\u00edspevok na rekre\u00e1ciu | Hotel Kult\u00fara","robots":{"index":"index","follow":"follow","max-snippet":"max-snippet:-1","max-image-preview":"max-image-preview:large","max-video-preview":"max-video-preview:-1"},"canonical":"https:\/\/www.hotelkultura.sk\/hotel\/rekreacne-poukazy\/","og_locale":"pl_PL","og_type":"article","og_title":"(Sloven\u010dina) Pr\u00edspevok na rekre\u00e1ciu | Hotel Kult\u00fara","og_description":"(Sloven\u010dina) U\u0161etrite a\u017e 275 EUR z ceny v\u00e1\u0161ho pobytu! Vyu\u017eite pr\u00edspevok na rekre\u00e1ciu ak pracujete v spolo\u010dnosti s viac ako 50 zamestnancami.","og_url":"https:\/\/www.hotelkultura.sk\/hotel\/rekreacne-poukazy\/","og_site_name":"Hotel Kult\u00fara","article_publisher":"https:\/\/www.facebook.com\/hotelkultura.sk\/","article_modified_time":"2019-11-07T10:36:10+00:00","twitter_card":"summary_large_image","schema":{"@context":"https:\/\/schema.org","@graph":[{"@type":"WebPage","@id":"https:\/\/www.hotelkultura.sk\/hotel\/rekreacne-poukazy\/","url":"https:\/\/www.hotelkultura.sk\/hotel\/rekreacne-poukazy\/","name":"(Sloven\u010dina) Pr\u00edspevok na rekre\u00e1ciu | Hotel Kult\u00fara","isPartOf":{"@id":"https:\/\/www.hotelkultura.sk\/#website"},"datePublished":"2019-04-09T13:29:48+00:00","dateModified":"2019-11-07T10:36:10+00:00","breadcrumb":{"@id":"https:\/\/www.hotelkultura.sk\/hotel\/rekreacne-poukazy\/#breadcrumb"},"inLanguage":"pl-PL","potentialAction":[{"@type":"ReadAction","target":["https:\/\/www.hotelkultura.sk\/hotel\/rekreacne-poukazy\/"]}]},{"@type":"BreadcrumbList","@id":"https:\/\/www.hotelkultura.sk\/hotel\/rekreacne-poukazy\/#breadcrumb","itemListElement":[{"@type":"ListItem","position":1,"name":"Home","item":"https:\/\/www.hotelkultura.sk\/"},{"@type":"ListItem","position":2,"name":"Prv\u00e1 d\u00e1ma Ru\u017eomberka","item":"https:\/\/www.hotelkultura.sk\/hotel\/"},{"@type":"ListItem","position":3,"name":"Pr\u00edspevok na rekre\u00e1ciu"}]},{"@type":"WebSite","@id":"https:\/\/www.hotelkultura.sk\/#website","url":"https:\/\/www.hotelkultura.sk\/","name":"Hotel Kult\u00fara","description":"","publisher":{"@id":"https:\/\/www.hotelkultura.sk\/#organization"},"potentialAction":[{"@type":"SearchAction","target":{"@type":"EntryPoint","urlTemplate":"https:\/\/www.hotelkultura.sk\/?s={search_term_string}"},"query-input":{"@type":"PropertyValueSpecification","valueRequired":true,"valueName":"search_term_string"}}],"inLanguage":"pl-PL"},{"@type":"Organization","@id":"https:\/\/www.hotelkultura.sk\/#organization","name":"Hotel Kult\u00fara","url":"https:\/\/www.hotelkultura.sk\/","logo":{"@type":"ImageObject","inLanguage":"pl-PL","@id":"https:\/\/www.hotelkultura.sk\/#\/schema\/logo\/image\/","url":"","contentUrl":"","caption":"Hotel Kult\u00fara"},"image":{"@id":"https:\/\/www.hotelkultura.sk\/#\/schema\/logo\/image\/"},"sameAs":["https:\/\/www.facebook.com\/hotelkultura.sk\/"]}]}},"_links":{"self":[{"href":"https:\/\/www.hotelkultura.sk\/pl\/wp-json\/wp\/v2\/pages\/1105","targetHints":{"allow":["GET"]}}],"collection":[{"href":"https:\/\/www.hotelkultura.sk\/pl\/wp-json\/wp\/v2\/pages"}],"about":[{"href":"https:\/\/www.hotelkultura.sk\/pl\/wp-json\/wp\/v2\/types\/page"}],"author":[{"embeddable":true,"href":"https:\/\/www.hotelkultura.sk\/pl\/wp-json\/wp\/v2\/users\/3"}],"replies":[{"embeddable":true,"href":"https:\/\/www.hotelkultura.sk\/pl\/wp-json\/wp\/v2\/comments?post=1105"}],"version-history":[{"count":0,"href":"https:\/\/www.hotelkultura.sk\/pl\/wp-json\/wp\/v2\/pages\/1105\/revisions"}],"up":[{"embeddable":true,"href":"https:\/\/www.hotelkultura.sk\/pl\/wp-json\/wp\/v2\/pages\/1093"}],"wp:attachment":[{"href":"https:\/\/www.hotelkultura.sk\/pl\/wp-json\/wp\/v2\/media?parent=1105"}],"curies":[{"name":"wp","href":"https:\/\/api.w.org\/{rel}","templated":true}]}}