{"id":1525,"date":"2019-08-02T10:53:22","date_gmt":"2019-08-02T08:53:22","guid":{"rendered":"https:\/\/hotelkultura.sk\/?page_id=1525"},"modified":"2025-06-10T20:49:53","modified_gmt":"2025-06-10T18:49:53","slug":"kongresy","status":"publish","type":"page","link":"https:\/\/www.hotelkultura.sk\/en\/slovencina-kongresy\/","title":{"rendered":"Congresses"},"content":{"rendered":"<h3>A\u00a0place with professional services for your company<\/h3>\n<p><strong>Newly reconstructed spaces of the historical Hotel Kultura are an ideal place for organization congresses, conferences, events and other social events. With a\u00a0great variability of inner spaces, it is possible to organize events for up to 500 persons. The Hotel with its location in the center of Ruzomoberok disposes with a\u00a0privet parking lot.<\/strong> About perfect organization and run of the event will take care of experienced staff with many years of experience.<\/p>\n<p>More information we will give you at <a href=\"mailto:sales@spajameslovensko.sk\">sales@spajameslovensko.sk<\/a><\/p>\n<p>&nbsp;<\/p>\n<p><img decoding=\"async\" class=\"aligncenter wp-image-1585 size-full\" src=\"https:\/\/hotelkultura.sk\/wp-content\/uploads\/2019\/08\/hk-kongresy.png\" alt=\"\" width=\"1200\" height=\"800\" srcset=\"https:\/\/www.hotelkultura.sk\/wp-content\/uploads\/2019\/08\/hk-kongresy.png 1200w, https:\/\/www.hotelkultura.sk\/wp-content\/uploads\/2019\/08\/hk-kongresy-768x512.png 768w, https:\/\/www.hotelkultura.sk\/wp-content\/uploads\/2019\/08\/hk-kongresy-1024x683.png 1024w\" sizes=\"(max-width: 1200px) 100vw, 1200px\" \/><\/p>\n<p>&nbsp;<\/p>\n<p>&nbsp;<\/p>\n<p>&nbsp;<\/p>\n<p><img decoding=\"async\" class=\"aligncenter size-full wp-image-1556\" src=\"https:\/\/hotelkultura.sk\/wp-content\/uploads\/2019\/08\/atrium-1.jpg\" alt=\"\" width=\"1200\" height=\"801\" srcset=\"https:\/\/www.hotelkultura.sk\/wp-content\/uploads\/2019\/08\/atrium-1.jpg 1200w, https:\/\/www.hotelkultura.sk\/wp-content\/uploads\/2019\/08\/atrium-1-768x513.jpg 768w, https:\/\/www.hotelkultura.sk\/wp-content\/uploads\/2019\/08\/atrium-1-1024x684.jpg 1024w\" sizes=\"(max-width: 1200px) 100vw, 1200px\" \/><\/p>\n","protected":false},"excerpt":{"rendered":"<p>(Sloven\u010dina) Novozrekon\u0161truovan\u00e9 priestory historick\u00e9ho Hotela KULT\u00daRA**** s\u00fa ide\u00e1lnym miestom pre zorganizovanie kongresov, konferenci\u00ed, eventov a \u010fal\u0161\u00edch spolo\u010densk\u00fdch podujat\u00ed.<\/p>\n","protected":false},"author":3,"featured_media":0,"parent":0,"menu_order":11,"comment_status":"closed","ping_status":"closed","template":"","meta":{"footnotes":""},"class_list":["post-1525","page","type-page","status-publish","hentry"],"yoast_head":"<!-- This site is optimized with the Yoast SEO plugin v25.3 - https:\/\/yoast.com\/wordpress\/plugins\/seo\/ -->\n<title>Congresses | Hotel Kult\u00fara<\/title>\n<meta name=\"robots\" content=\"index, follow, max-snippet:-1, max-image-preview:large, max-video-preview:-1\" \/>\n<link rel=\"canonical\" href=\"https:\/\/www.hotelkultura.sk\/kongresy\/\" \/>\n<meta property=\"og:locale\" content=\"en_US\" \/>\n<meta property=\"og:type\" content=\"article\" \/>\n<meta property=\"og:title\" content=\"Congresses | Hotel Kult\u00fara\" \/>\n<meta property=\"og:description\" content=\"(Sloven\u010dina) Novozrekon\u0161truovan\u00e9 priestory historick\u00e9ho Hotela KULT\u00daRA**** s\u00fa ide\u00e1lnym miestom pre zorganizovanie kongresov, konferenci\u00ed, eventov a \u010fal\u0161\u00edch spolo\u010densk\u00fdch podujat\u00ed.\" \/>\n<meta property=\"og:url\" content=\"https:\/\/www.hotelkultura.sk\/kongresy\/\" \/>\n<meta property=\"og:site_name\" content=\"Hotel Kult\u00fara\" \/>\n<meta property=\"article:publisher\" content=\"https:\/\/www.facebook.com\/hotelkultura.sk\/\" \/>\n<meta property=\"article:modified_time\" content=\"2025-06-10T18:49:53+00:00\" \/>\n<meta property=\"og:image\" content=\"https:\/\/www.hotelkultura.sk\/wp-content\/uploads\/2024\/02\/Konferencie-5.png\" \/>\n\t<meta property=\"og:image:width\" content=\"1336\" \/>\n\t<meta property=\"og:image:height\" content=\"768\" \/>\n\t<meta property=\"og:image:type\" content=\"image\/png\" \/>\n<meta name=\"twitter:card\" content=\"summary_large_image\" \/>\n<meta name=\"twitter:label1\" content=\"Est. reading time\" \/>\n\t<meta name=\"twitter:data1\" content=\"5 minutes\" \/>\n<script type=\"application\/ld+json\" class=\"yoast-schema-graph\">{\"@context\":\"https:\/\/schema.org\",\"@graph\":[{\"@type\":\"WebPage\",\"@id\":\"https:\/\/www.hotelkultura.sk\/kongresy\/\",\"url\":\"https:\/\/www.hotelkultura.sk\/kongresy\/\",\"name\":\"Congresses | Hotel Kult\u00fara\",\"isPartOf\":{\"@id\":\"https:\/\/www.hotelkultura.sk\/#website\"},\"primaryImageOfPage\":{\"@id\":\"https:\/\/www.hotelkultura.sk\/kongresy\/#primaryimage\"},\"image\":{\"@id\":\"https:\/\/www.hotelkultura.sk\/kongresy\/#primaryimage\"},\"thumbnailUrl\":\"https:\/\/hotelkultura.sk\/wp-content\/uploads\/2019\/08\/hk-kongresy.png\",\"datePublished\":\"2019-08-02T08:53:22+00:00\",\"dateModified\":\"2025-06-10T18:49:53+00:00\",\"breadcrumb\":{\"@id\":\"https:\/\/www.hotelkultura.sk\/kongresy\/#breadcrumb\"},\"inLanguage\":\"en-US\",\"potentialAction\":[{\"@type\":\"ReadAction\",\"target\":[\"https:\/\/www.hotelkultura.sk\/kongresy\/\"]}]},{\"@type\":\"ImageObject\",\"inLanguage\":\"en-US\",\"@id\":\"https:\/\/www.hotelkultura.sk\/kongresy\/#primaryimage\",\"url\":\"https:\/\/hotelkultura.sk\/wp-content\/uploads\/2019\/08\/hk-kongresy.png\",\"contentUrl\":\"https:\/\/hotelkultura.sk\/wp-content\/uploads\/2019\/08\/hk-kongresy.png\"},{\"@type\":\"BreadcrumbList\",\"@id\":\"https:\/\/www.hotelkultura.sk\/kongresy\/#breadcrumb\",\"itemListElement\":[{\"@type\":\"ListItem\",\"position\":1,\"name\":\"Home\",\"item\":\"https:\/\/www.hotelkultura.sk\/\"},{\"@type\":\"ListItem\",\"position\":2,\"name\":\"Kongresy\"}]},{\"@type\":\"WebSite\",\"@id\":\"https:\/\/www.hotelkultura.sk\/#website\",\"url\":\"https:\/\/www.hotelkultura.sk\/\",\"name\":\"Hotel Kult\u00fara\",\"description\":\"\",\"publisher\":{\"@id\":\"https:\/\/www.hotelkultura.sk\/#organization\"},\"potentialAction\":[{\"@type\":\"SearchAction\",\"target\":{\"@type\":\"EntryPoint\",\"urlTemplate\":\"https:\/\/www.hotelkultura.sk\/?s={search_term_string}\"},\"query-input\":{\"@type\":\"PropertyValueSpecification\",\"valueRequired\":true,\"valueName\":\"search_term_string\"}}],\"inLanguage\":\"en-US\"},{\"@type\":\"Organization\",\"@id\":\"https:\/\/www.hotelkultura.sk\/#organization\",\"name\":\"Hotel Kult\u00fara\",\"url\":\"https:\/\/www.hotelkultura.sk\/\",\"logo\":{\"@type\":\"ImageObject\",\"inLanguage\":\"en-US\",\"@id\":\"https:\/\/www.hotelkultura.sk\/#\/schema\/logo\/image\/\",\"url\":\"\",\"contentUrl\":\"\",\"caption\":\"Hotel Kult\u00fara\"},\"image\":{\"@id\":\"https:\/\/www.hotelkultura.sk\/#\/schema\/logo\/image\/\"},\"sameAs\":[\"https:\/\/www.facebook.com\/hotelkultura.sk\/\"]}]}<\/script>\n<!-- \/ Yoast SEO plugin. -->","yoast_head_json":{"title":"Congresses | Hotel Kult\u00fara","robots":{"index":"index","follow":"follow","max-snippet":"max-snippet:-1","max-image-preview":"max-image-preview:large","max-video-preview":"max-video-preview:-1"},"canonical":"https:\/\/www.hotelkultura.sk\/kongresy\/","og_locale":"en_US","og_type":"article","og_title":"Congresses | Hotel Kult\u00fara","og_description":"(Sloven\u010dina) Novozrekon\u0161truovan\u00e9 priestory historick\u00e9ho Hotela KULT\u00daRA**** s\u00fa ide\u00e1lnym miestom pre zorganizovanie kongresov, konferenci\u00ed, eventov a \u010fal\u0161\u00edch spolo\u010densk\u00fdch podujat\u00ed.","og_url":"https:\/\/www.hotelkultura.sk\/kongresy\/","og_site_name":"Hotel Kult\u00fara","article_publisher":"https:\/\/www.facebook.com\/hotelkultura.sk\/","article_modified_time":"2025-06-10T18:49:53+00:00","og_image":[{"width":1336,"height":768,"url":"https:\/\/www.hotelkultura.sk\/wp-content\/uploads\/2024\/02\/Konferencie-5.png","type":"image\/png"}],"twitter_card":"summary_large_image","twitter_misc":{"Est. reading time":"5 minutes"},"schema":{"@context":"https:\/\/schema.org","@graph":[{"@type":"WebPage","@id":"https:\/\/www.hotelkultura.sk\/kongresy\/","url":"https:\/\/www.hotelkultura.sk\/kongresy\/","name":"Congresses | Hotel Kult\u00fara","isPartOf":{"@id":"https:\/\/www.hotelkultura.sk\/#website"},"primaryImageOfPage":{"@id":"https:\/\/www.hotelkultura.sk\/kongresy\/#primaryimage"},"image":{"@id":"https:\/\/www.hotelkultura.sk\/kongresy\/#primaryimage"},"thumbnailUrl":"https:\/\/hotelkultura.sk\/wp-content\/uploads\/2019\/08\/hk-kongresy.png","datePublished":"2019-08-02T08:53:22+00:00","dateModified":"2025-06-10T18:49:53+00:00","breadcrumb":{"@id":"https:\/\/www.hotelkultura.sk\/kongresy\/#breadcrumb"},"inLanguage":"en-US","potentialAction":[{"@type":"ReadAction","target":["https:\/\/www.hotelkultura.sk\/kongresy\/"]}]},{"@type":"ImageObject","inLanguage":"en-US","@id":"https:\/\/www.hotelkultura.sk\/kongresy\/#primaryimage","url":"https:\/\/hotelkultura.sk\/wp-content\/uploads\/2019\/08\/hk-kongresy.png","contentUrl":"https:\/\/hotelkultura.sk\/wp-content\/uploads\/2019\/08\/hk-kongresy.png"},{"@type":"BreadcrumbList","@id":"https:\/\/www.hotelkultura.sk\/kongresy\/#breadcrumb","itemListElement":[{"@type":"ListItem","position":1,"name":"Home","item":"https:\/\/www.hotelkultura.sk\/"},{"@type":"ListItem","position":2,"name":"Kongresy"}]},{"@type":"WebSite","@id":"https:\/\/www.hotelkultura.sk\/#website","url":"https:\/\/www.hotelkultura.sk\/","name":"Hotel Kult\u00fara","description":"","publisher":{"@id":"https:\/\/www.hotelkultura.sk\/#organization"},"potentialAction":[{"@type":"SearchAction","target":{"@type":"EntryPoint","urlTemplate":"https:\/\/www.hotelkultura.sk\/?s={search_term_string}"},"query-input":{"@type":"PropertyValueSpecification","valueRequired":true,"valueName":"search_term_string"}}],"inLanguage":"en-US"},{"@type":"Organization","@id":"https:\/\/www.hotelkultura.sk\/#organization","name":"Hotel Kult\u00fara","url":"https:\/\/www.hotelkultura.sk\/","logo":{"@type":"ImageObject","inLanguage":"en-US","@id":"https:\/\/www.hotelkultura.sk\/#\/schema\/logo\/image\/","url":"","contentUrl":"","caption":"Hotel Kult\u00fara"},"image":{"@id":"https:\/\/www.hotelkultura.sk\/#\/schema\/logo\/image\/"},"sameAs":["https:\/\/www.facebook.com\/hotelkultura.sk\/"]}]}},"_links":{"self":[{"href":"https:\/\/www.hotelkultura.sk\/en\/wp-json\/wp\/v2\/pages\/1525","targetHints":{"allow":["GET"]}}],"collection":[{"href":"https:\/\/www.hotelkultura.sk\/en\/wp-json\/wp\/v2\/pages"}],"about":[{"href":"https:\/\/www.hotelkultura.sk\/en\/wp-json\/wp\/v2\/types\/page"}],"author":[{"embeddable":true,"href":"https:\/\/www.hotelkultura.sk\/en\/wp-json\/wp\/v2\/users\/3"}],"replies":[{"embeddable":true,"href":"https:\/\/www.hotelkultura.sk\/en\/wp-json\/wp\/v2\/comments?post=1525"}],"version-history":[{"count":0,"href":"https:\/\/www.hotelkultura.sk\/en\/wp-json\/wp\/v2\/pages\/1525\/revisions"}],"wp:attachment":[{"href":"https:\/\/www.hotelkultura.sk\/en\/wp-json\/wp\/v2\/media?parent=1525"}],"curies":[{"name":"wp","href":"https:\/\/api.w.org\/{rel}","templated":true}]}}