{"id":1516,"date":"2019-08-02T10:52:04","date_gmt":"2019-08-02T08:52:04","guid":{"rendered":"https:\/\/hotelkultura.sk\/?page_id=1516"},"modified":"2025-06-10T15:24:50","modified_gmt":"2025-06-10T13:24:50","slug":"svadby","status":"publish","type":"page","link":"https:\/\/www.hotelkultura.sk\/en\/celebrations\/slovencina-svadby\/","title":{"rendered":"Weddings"},"content":{"rendered":"<h3>Your big day in our hotel<\/h3>\n<p>To prepare a great wedding in a way, that nothing is forgotten is a big effort. We organize weddings successfully for years. <strong>Each wedding is different and each one is unique and unrepeatable<\/strong>. Leave it in our hands, with our experience we can do it the way, that <strong>you can enjoy one of the greatest days in your life without any worries<\/strong>.<\/p>\n<p>We will advise you, we can help you with the selection of menu, music production, flowers decoration, all your proposals are welcome.<\/p>\n<p>Information about <strong>WEDDING OFFER<\/strong> we will provide you at <a href=\"mailto:sales@hotelkultura.sk\">sales@hotelkultura.sk<\/a>.<\/p>\n<h4><\/h4>\n<h4><img decoding=\"async\" class=\"aligncenter wp-image-1583 size-full\" src=\"https:\/\/hotelkultura.sk\/wp-content\/uploads\/2019\/08\/hk-svadby.png\" alt=\"\" width=\"1200\" height=\"800\" srcset=\"https:\/\/www.hotelkultura.sk\/wp-content\/uploads\/2019\/08\/hk-svadby.png 1200w, https:\/\/www.hotelkultura.sk\/wp-content\/uploads\/2019\/08\/hk-svadby-768x512.png 768w, https:\/\/www.hotelkultura.sk\/wp-content\/uploads\/2019\/08\/hk-svadby-1024x683.png 1024w\" sizes=\"(max-width: 1200px) 100vw, 1200px\" \/><\/h4>\n<h4><\/h4>\n<h4><\/h4>\n<h4>SPACE RENTAL<\/h4>\n<ol>\n<li><strong> OPTION: \u00a0<\/strong><\/li>\n<\/ol>\n<ul>\n<li>Social hall with air-conditioning and capacity of 150 persons<\/li>\n<li>Saloon \u010cebra\u0165 with a capacity of 24 persons<\/li>\n<li>During summer option of usage the adjacent terrace<\/li>\n<\/ul>\n<ol start=\"2\">\n<li><strong> OPTION:<\/strong><\/li>\n<\/ol>\n<ul>\n<li>The Great hall in KDAH with capacity up to 300 persons<\/li>\n<\/ul>\n<p>&nbsp;<\/p>\n<p><strong>DECORATION<\/strong><\/p>\n<ul>\n<li>Chair covers<\/li>\n<li>Decorative ribbons for chairs from organza or sherpa<\/li>\n<li>Decorative items for rent: glass flower pots, candlesticks<\/li>\n<li>Round table for 8-10 persons + table cover<\/li>\n<li>Stand by table + table cover<\/li>\n<\/ul>\n<p>&nbsp;<\/p>\n<p><strong>GASTRONOMY<\/strong><\/p>\n<ul>\n<li>Possibility to choose a\u00a0ceremonial menu from our ceremonial meals offer<\/li>\n<li>Price for basic menu\/ toast, appetizer, soup, main course<\/li>\n<li>Second dinner \u2013 in the form of a warm buffet and cold buffet<\/li>\n<li>Second dinner \u2013 in the form of a served menu<\/li>\n<li>Mandatory consumption 2 pc non-alcoholic drink\/person<\/li>\n<li>We are open to your proposal and inquiries<\/li>\n<\/ul>\n<p>&nbsp;<\/p>\n<p><strong>BONUS<\/strong><\/p>\n<ul>\n<li>Availability of usage of the unique space of Atrium free of charge<\/li>\n<li>Cover for tables in different colors (according to the hotel samples) free of charge<\/li>\n<li>Possibility of bringing your own desserts, cheese, nuts, snacks and etc.<\/li>\n<li>Possibility of bringing your alcoholic and non-alcoholic drinks only for a cork fee<\/li>\n<li>Dinner for two (test of the wedding menu)<\/li>\n<\/ul>\n<p>&nbsp;<\/p>\n<p><strong>CATERING<\/strong><\/p>\n<p>More information we will give you at <a href=\"mailto:prevadzka@hotelkultura.sk\">prevadzka@hotelkultura.sk<\/a><\/p>\n<p>&nbsp;<\/p>\n<p><strong>ACCOMMODATION<\/strong><\/p>\n<p>More information we will give you at <a href=\"mailto:prevadzka@hotelkultura.sk\">prevadzka@hotelkultura.sk<\/a><\/p>\n<p>&nbsp;<\/p>\n<p><img decoding=\"async\" class=\"aligncenter wp-image-1584 size-full\" src=\"https:\/\/hotelkultura.sk\/wp-content\/uploads\/2019\/08\/hk-svadby-vyzdoba.png\" alt=\"\" width=\"1200\" height=\"800\" srcset=\"https:\/\/www.hotelkultura.sk\/wp-content\/uploads\/2019\/08\/hk-svadby-vyzdoba.png 1200w, https:\/\/www.hotelkultura.sk\/wp-content\/uploads\/2019\/08\/hk-svadby-vyzdoba-768x512.png 768w, https:\/\/www.hotelkultura.sk\/wp-content\/uploads\/2019\/08\/hk-svadby-vyzdoba-1024x683.png 1024w\" sizes=\"(max-width: 1200px) 100vw, 1200px\" \/><\/p>\n","protected":false},"excerpt":{"rendered":"<p>(Sloven\u010dina) Ka\u017ed\u00e1 svadba je jedine\u010dn\u00e1 a neopakovate\u013en\u00e1. Zverte sa do r\u00fak profesion\u00e1lov s dlhoro\u010dn\u00fdmi sk\u00fasenos\u0165ami s organizovan\u00edm svadieb.<\/p>\n","protected":false},"author":3,"featured_media":0,"parent":1482,"menu_order":15,"comment_status":"closed","ping_status":"closed","template":"","meta":{"footnotes":""},"class_list":["post-1516","page","type-page","status-publish","hentry"],"yoast_head":"<!-- This site is optimized with the Yoast SEO plugin v25.3 - https:\/\/yoast.com\/wordpress\/plugins\/seo\/ -->\n<title>Weddings | Hotel Kult\u00fara<\/title>\n<meta name=\"description\" content=\"(Sloven\u010dina) Ka\u017ed\u00e1 svadba je jedine\u010dn\u00e1 a neopakovate\u013en\u00e1. Zverte sa do r\u00fak profesion\u00e1lov s dlhoro\u010dn\u00fdmi sk\u00fasenos\u0165ami s organizovan\u00edm svadieb.\" \/>\n<meta name=\"robots\" content=\"index, follow, max-snippet:-1, max-image-preview:large, max-video-preview:-1\" \/>\n<link rel=\"canonical\" href=\"https:\/\/www.hotelkultura.sk\/oslavy\/svadba\/\" \/>\n<meta property=\"og:locale\" content=\"en_US\" \/>\n<meta property=\"og:type\" content=\"article\" \/>\n<meta property=\"og:title\" content=\"Weddings | Hotel Kult\u00fara\" \/>\n<meta property=\"og:description\" content=\"{:sk}Ka\u017ed\u00e1 svadba je jedine\u010dn\u00e1 a neopakovate\u013en\u00e1. Zverte sa do r\u00fak profesion\u00e1lov s dlhoro\u010dn\u00fdmi sk\u00fasenos\u0165ami s organizovan\u00edm svadieb.{:}\" \/>\n<meta property=\"og:url\" content=\"https:\/\/www.hotelkultura.sk\/oslavy\/svadba\/\" \/>\n<meta property=\"og:site_name\" content=\"Hotel Kult\u00fara\" \/>\n<meta property=\"article:publisher\" content=\"https:\/\/www.facebook.com\/hotelkultura.sk\/\" \/>\n<meta property=\"article:modified_time\" content=\"2025-06-10T13:24:50+00:00\" \/>\n<meta name=\"twitter:card\" content=\"summary_large_image\" \/>\n<meta name=\"twitter:label1\" content=\"Est. reading time\" \/>\n\t<meta name=\"twitter:data1\" content=\"2 minutes\" \/>\n<script type=\"application\/ld+json\" class=\"yoast-schema-graph\">{\"@context\":\"https:\/\/schema.org\",\"@graph\":[{\"@type\":\"WebPage\",\"@id\":\"https:\/\/www.hotelkultura.sk\/oslavy\/svadba\/\",\"url\":\"https:\/\/www.hotelkultura.sk\/oslavy\/svadba\/\",\"name\":\"Weddings | Hotel Kult\u00fara\",\"isPartOf\":{\"@id\":\"https:\/\/www.hotelkultura.sk\/#website\"},\"primaryImageOfPage\":{\"@id\":\"https:\/\/www.hotelkultura.sk\/oslavy\/svadba\/#primaryimage\"},\"image\":{\"@id\":\"https:\/\/www.hotelkultura.sk\/oslavy\/svadba\/#primaryimage\"},\"thumbnailUrl\":\"https:\/\/hotelkultura.sk\/wp-content\/uploads\/2019\/08\/hk-svadby.png\",\"datePublished\":\"2019-08-02T08:52:04+00:00\",\"dateModified\":\"2025-06-10T13:24:50+00:00\",\"description\":\"{:sk}Ka\u017ed\u00e1 svadba je jedine\u010dn\u00e1 a neopakovate\u013en\u00e1. Zverte sa do r\u00fak profesion\u00e1lov s dlhoro\u010dn\u00fdmi sk\u00fasenos\u0165ami s organizovan\u00edm svadieb.{:}\",\"breadcrumb\":{\"@id\":\"https:\/\/www.hotelkultura.sk\/oslavy\/svadba\/#breadcrumb\"},\"inLanguage\":\"en-US\",\"potentialAction\":[{\"@type\":\"ReadAction\",\"target\":[\"https:\/\/www.hotelkultura.sk\/oslavy\/svadba\/\"]}]},{\"@type\":\"ImageObject\",\"inLanguage\":\"en-US\",\"@id\":\"https:\/\/www.hotelkultura.sk\/oslavy\/svadba\/#primaryimage\",\"url\":\"https:\/\/hotelkultura.sk\/wp-content\/uploads\/2019\/08\/hk-svadby.png\",\"contentUrl\":\"https:\/\/hotelkultura.sk\/wp-content\/uploads\/2019\/08\/hk-svadby.png\"},{\"@type\":\"BreadcrumbList\",\"@id\":\"https:\/\/www.hotelkultura.sk\/oslavy\/svadba\/#breadcrumb\",\"itemListElement\":[{\"@type\":\"ListItem\",\"position\":1,\"name\":\"Home\",\"item\":\"https:\/\/www.hotelkultura.sk\/\"},{\"@type\":\"ListItem\",\"position\":2,\"name\":\"Oslavy\",\"item\":\"https:\/\/www.hotelkultura.sk\/oslavy\/\"},{\"@type\":\"ListItem\",\"position\":3,\"name\":\"Svadba\"}]},{\"@type\":\"WebSite\",\"@id\":\"https:\/\/www.hotelkultura.sk\/#website\",\"url\":\"https:\/\/www.hotelkultura.sk\/\",\"name\":\"Hotel Kult\u00fara\",\"description\":\"\",\"publisher\":{\"@id\":\"https:\/\/www.hotelkultura.sk\/#organization\"},\"potentialAction\":[{\"@type\":\"SearchAction\",\"target\":{\"@type\":\"EntryPoint\",\"urlTemplate\":\"https:\/\/www.hotelkultura.sk\/?s={search_term_string}\"},\"query-input\":{\"@type\":\"PropertyValueSpecification\",\"valueRequired\":true,\"valueName\":\"search_term_string\"}}],\"inLanguage\":\"en-US\"},{\"@type\":\"Organization\",\"@id\":\"https:\/\/www.hotelkultura.sk\/#organization\",\"name\":\"Hotel Kult\u00fara\",\"url\":\"https:\/\/www.hotelkultura.sk\/\",\"logo\":{\"@type\":\"ImageObject\",\"inLanguage\":\"en-US\",\"@id\":\"https:\/\/www.hotelkultura.sk\/#\/schema\/logo\/image\/\",\"url\":\"\",\"contentUrl\":\"\",\"caption\":\"Hotel Kult\u00fara\"},\"image\":{\"@id\":\"https:\/\/www.hotelkultura.sk\/#\/schema\/logo\/image\/\"},\"sameAs\":[\"https:\/\/www.facebook.com\/hotelkultura.sk\/\"]}]}<\/script>\n<!-- \/ Yoast SEO plugin. -->","yoast_head_json":{"title":"Weddings | Hotel Kult\u00fara","description":"(Sloven\u010dina) Ka\u017ed\u00e1 svadba je jedine\u010dn\u00e1 a neopakovate\u013en\u00e1. Zverte sa do r\u00fak profesion\u00e1lov s dlhoro\u010dn\u00fdmi sk\u00fasenos\u0165ami s organizovan\u00edm svadieb.","robots":{"index":"index","follow":"follow","max-snippet":"max-snippet:-1","max-image-preview":"max-image-preview:large","max-video-preview":"max-video-preview:-1"},"canonical":"https:\/\/www.hotelkultura.sk\/oslavy\/svadba\/","og_locale":"en_US","og_type":"article","og_title":"Weddings | Hotel Kult\u00fara","og_description":"{:sk}Ka\u017ed\u00e1 svadba je jedine\u010dn\u00e1 a neopakovate\u013en\u00e1. Zverte sa do r\u00fak profesion\u00e1lov s dlhoro\u010dn\u00fdmi sk\u00fasenos\u0165ami s organizovan\u00edm svadieb.{:}","og_url":"https:\/\/www.hotelkultura.sk\/oslavy\/svadba\/","og_site_name":"Hotel Kult\u00fara","article_publisher":"https:\/\/www.facebook.com\/hotelkultura.sk\/","article_modified_time":"2025-06-10T13:24:50+00:00","twitter_card":"summary_large_image","twitter_misc":{"Est. reading time":"2 minutes"},"schema":{"@context":"https:\/\/schema.org","@graph":[{"@type":"WebPage","@id":"https:\/\/www.hotelkultura.sk\/oslavy\/svadba\/","url":"https:\/\/www.hotelkultura.sk\/oslavy\/svadba\/","name":"Weddings | Hotel Kult\u00fara","isPartOf":{"@id":"https:\/\/www.hotelkultura.sk\/#website"},"primaryImageOfPage":{"@id":"https:\/\/www.hotelkultura.sk\/oslavy\/svadba\/#primaryimage"},"image":{"@id":"https:\/\/www.hotelkultura.sk\/oslavy\/svadba\/#primaryimage"},"thumbnailUrl":"https:\/\/hotelkultura.sk\/wp-content\/uploads\/2019\/08\/hk-svadby.png","datePublished":"2019-08-02T08:52:04+00:00","dateModified":"2025-06-10T13:24:50+00:00","description":"{:sk}Ka\u017ed\u00e1 svadba je jedine\u010dn\u00e1 a neopakovate\u013en\u00e1. Zverte sa do r\u00fak profesion\u00e1lov s dlhoro\u010dn\u00fdmi sk\u00fasenos\u0165ami s organizovan\u00edm svadieb.{:}","breadcrumb":{"@id":"https:\/\/www.hotelkultura.sk\/oslavy\/svadba\/#breadcrumb"},"inLanguage":"en-US","potentialAction":[{"@type":"ReadAction","target":["https:\/\/www.hotelkultura.sk\/oslavy\/svadba\/"]}]},{"@type":"ImageObject","inLanguage":"en-US","@id":"https:\/\/www.hotelkultura.sk\/oslavy\/svadba\/#primaryimage","url":"https:\/\/hotelkultura.sk\/wp-content\/uploads\/2019\/08\/hk-svadby.png","contentUrl":"https:\/\/hotelkultura.sk\/wp-content\/uploads\/2019\/08\/hk-svadby.png"},{"@type":"BreadcrumbList","@id":"https:\/\/www.hotelkultura.sk\/oslavy\/svadba\/#breadcrumb","itemListElement":[{"@type":"ListItem","position":1,"name":"Home","item":"https:\/\/www.hotelkultura.sk\/"},{"@type":"ListItem","position":2,"name":"Oslavy","item":"https:\/\/www.hotelkultura.sk\/oslavy\/"},{"@type":"ListItem","position":3,"name":"Svadba"}]},{"@type":"WebSite","@id":"https:\/\/www.hotelkultura.sk\/#website","url":"https:\/\/www.hotelkultura.sk\/","name":"Hotel Kult\u00fara","description":"","publisher":{"@id":"https:\/\/www.hotelkultura.sk\/#organization"},"potentialAction":[{"@type":"SearchAction","target":{"@type":"EntryPoint","urlTemplate":"https:\/\/www.hotelkultura.sk\/?s={search_term_string}"},"query-input":{"@type":"PropertyValueSpecification","valueRequired":true,"valueName":"search_term_string"}}],"inLanguage":"en-US"},{"@type":"Organization","@id":"https:\/\/www.hotelkultura.sk\/#organization","name":"Hotel Kult\u00fara","url":"https:\/\/www.hotelkultura.sk\/","logo":{"@type":"ImageObject","inLanguage":"en-US","@id":"https:\/\/www.hotelkultura.sk\/#\/schema\/logo\/image\/","url":"","contentUrl":"","caption":"Hotel Kult\u00fara"},"image":{"@id":"https:\/\/www.hotelkultura.sk\/#\/schema\/logo\/image\/"},"sameAs":["https:\/\/www.facebook.com\/hotelkultura.sk\/"]}]}},"_links":{"self":[{"href":"https:\/\/www.hotelkultura.sk\/en\/wp-json\/wp\/v2\/pages\/1516","targetHints":{"allow":["GET"]}}],"collection":[{"href":"https:\/\/www.hotelkultura.sk\/en\/wp-json\/wp\/v2\/pages"}],"about":[{"href":"https:\/\/www.hotelkultura.sk\/en\/wp-json\/wp\/v2\/types\/page"}],"author":[{"embeddable":true,"href":"https:\/\/www.hotelkultura.sk\/en\/wp-json\/wp\/v2\/users\/3"}],"replies":[{"embeddable":true,"href":"https:\/\/www.hotelkultura.sk\/en\/wp-json\/wp\/v2\/comments?post=1516"}],"version-history":[{"count":0,"href":"https:\/\/www.hotelkultura.sk\/en\/wp-json\/wp\/v2\/pages\/1516\/revisions"}],"up":[{"embeddable":true,"href":"https:\/\/www.hotelkultura.sk\/en\/wp-json\/wp\/v2\/pages\/1482"}],"wp:attachment":[{"href":"https:\/\/www.hotelkultura.sk\/en\/wp-json\/wp\/v2\/media?parent=1516"}],"curies":[{"name":"wp","href":"https:\/\/api.w.org\/{rel}","templated":true}]}}