{"id":1120,"date":"2019-04-09T15:42:37","date_gmt":"2019-04-09T13:42:37","guid":{"rendered":"https:\/\/hotelkultura.sk\/?page_id=1120"},"modified":"2026-05-08T10:12:07","modified_gmt":"2026-05-08T08:12:07","slug":"wellness","status":"publish","type":"page","link":"https:\/\/www.hotelkultura.sk\/en\/wellness-ruzomberok\/","title":{"rendered":"WELLNESS TERRA REUCHE"},"content":{"rendered":"<p>The wellness centre at Hotel Kult\u00fara is <strong>available until May 31, 2026<\/strong>. Until then, you can enjoy it regularly <strong>from Wednesday to Sunday between 3:00 PM and 9:00 PM<\/strong>. After a summer break, the wellness centre will reopen in autumn.<\/p>\n<h3>The biggest wellness center in Ruzomberok<\/h3>\n<p>In summer 2019 we opened the new wellness center, which is the biggest in Ruzomberok.\u00a0Let yourself draw in with a vision of a perfect relaxation for your body and mind. Enter the oasis of peace and enjoy relax to the fullest. Come and find again your inner harmony. In the wellness center are located 2 whirlpool baths, 4 types of sauna, icefall, cooling bath, experience shower, and a restroom.<\/p>\n<p>&nbsp;<\/p>\n<p><img decoding=\"async\" class=\"aligncenter size-full wp-image-1507\" src=\"https:\/\/hotelkultura.sk\/wp-content\/uploads\/2019\/07\/wellness-2.jpg\" alt=\"\" width=\"1200\" height=\"801\" srcset=\"https:\/\/www.hotelkultura.sk\/wp-content\/uploads\/2019\/07\/wellness-2.jpg 1200w, https:\/\/www.hotelkultura.sk\/wp-content\/uploads\/2019\/07\/wellness-2-768x513.jpg 768w, https:\/\/www.hotelkultura.sk\/wp-content\/uploads\/2019\/07\/wellness-2-1024x684.jpg 1024w\" sizes=\"(max-width: 1200px) 100vw, 1200px\" \/><\/p>\n<h3>Sauna<\/h3>\n<p><strong>Sauna consists of warming up the organism and subsequently cooling down in cold water, which contributes to immunity and good form.<\/strong><\/p>\n<p>Long ago BC people got to know, that hot stones can maintain and radiate heat. In the medieval times came the sauna to Finland probably from Asia and since then sauna became in Finland a national tradition. A sauna is a place of family and friends meetings and many finish people enjoy sauna ever day.<\/p>\n<p><strong>Health effects of sauna:<\/strong><\/p>\n<ul>\n<li>Great prevention before different diseases.<\/li>\n<li>When using the sauna regularly it creates immunity against different lungs infections.<\/li>\n<li>Sweating in sauna excludes harmful substances, opens skin pores and betters its appearance.<\/li>\n<li>It was proven that it has positive effects by asthma and allergies.<\/li>\n<li>It has a positive effect on body and soul.<\/li>\n<li>Decreases stiffness of muscles and joints.<\/li>\n<li>Strengthens the cardiovascular system.<\/li>\n<li>The organism is regenerated.<\/li>\n<li>And many more favorable effects.<\/li>\n<\/ul>\n<p>&nbsp;<\/p>\n<p><strong>BIO SAUNA<\/strong><\/p>\n<p>Relaxes the muscles and through intense sweating the body is cleansed, the immune system is strengthened and calories are lost. It has healing effects for asthma, inflammation and allergies. It is suitable for beginners, people with pressure problems and for those who find the classic Finnish sauna too hot.<\/p>\n<p><strong>SALT SAUNA<\/strong><\/p>\n<p>Finnish sauna enriched with mineral salt stones, which have a beneficial effect on the respiratory tract, promote blood circulation and strengthen the immune system.<\/p>\n<h4 class=\"Default\">STEAM SAUNA<\/h4>\n<p>It detoxifies the body, cleans the lungs and relaxes the whole body pleasantly. It has a beneficial effect on the skin, promotes its elasticity. It helps to remove waste from the body. It is suitable for allergies, colds, rheumatic pains.<\/p>\n<h4 class=\"Default\">INFRASAUNA<\/h4>\n<p>The radiation penetrates to a depth of 3-4 cm, helps to eliminate cellulite. Reduces muscle and joint stiffness, relieves pain and tension. It evokes many healing and health benefits in the body. Use is also possible for people who cannot use classic sauna.<\/p>\n<h4 class=\"Default\">WHIRLPOOL BATH<\/h4>\n<p class=\"Default\">It releases body and soul, brings total relaxation and removes mental tension. The combination of hot water, panache and hydromassage simultaneously improves blood circulation, relieves pain, relaxes muscles and whole body.<\/p>\n<h4 class=\"Default\">COOLING TUB , THE PAIL OF COURAGE<\/h4>\n<p id=\"pagetext_0\" class=\"contentblock issideimage\">It cools your body after sauna, contributes to blood circulation in every part of your body, strengthens the immune system. If you don\u2019t have the courage to sink into the icy water, try the pail of courage.<\/p>\n<p>&nbsp;<\/p>\n<h3>Principles of proper sauna<\/h3>\n<ul>\n<li>Shower thoroughly before and after visiting the sauna.<\/li>\n<li>Sauna is good to repeat 3x from 5 to 10 minutes with cooling in cold water or air afterward.<\/li>\n<li>The ideal frequency of visiting a\u00a0sauna is 1x in 1-2 weeks.<\/li>\n<li>Healthy people don&#8217;t need to worry, the others should consult it with their doctor.<\/li>\n<li>Before the sauna visit, you shouldn&#8217;t drink alcoholic drinks.<\/li>\n<\/ul>\n<p>&nbsp;<\/p>\n<div id=\"page-content-out\">\n<div id=\"page-content\" class=\"is_modules_block_55 is_modules_block_nadpis is_main_text is_page-content-in\">\n<div id=\"page-content-in\" class=\"is_modules_block_55 is_modules_block_nadpis is_main_text\">\n<div id=\"main_text\">\n<h3 class=\"contentblock issideimage\">OPENING HOURS<\/h3>\n<\/div>\n<\/div>\n<\/div>\n<\/div>\n<div id=\"modules_block_7\">\n<div id=\"pageblocks-out\">\n<div id=\"pageblocks\" class=\"\">\n<div id=\"pageblock_21\" class=\"pageblockitem adminitem\">\n<div class=\"pageblock_in\">\n<div class=\"pageblock_in2\">\n<div id=\"tb_maintext21_block\">\n<div id=\"tb_maintext21_out\">\n<div id=\"tb_maintext21\" class=\"textblock tb_maintext21\">\n<p><strong><span style=\"color: #ff0000;\">May:<br \/>\n<\/span><\/strong>Monday, Tuesday, Thursday &#8211; closed<br \/>\nWednesday, Friday, Saturday, Sunday &#8211; open 3:00 PM &#8211; 9:00 PM.<\/p>\n<p><strong><span style=\"color: #ff0000;\">JUNE, JULY, AUGUST \u2013 CLOSED<\/span><\/strong><\/p>\n<p>PRICE LIST<\/p>\n<p>ACCOMMODATION GUESTS: \u20ac12.00 \/ adult<br \/>\nEXTERNAL GUESTS: \u20ac18.00 \/ adult<br \/>\nPERMANENT EXTERNAL GUESTS: \u20ac160.00 \/ 10 entries<\/p>\n<p><strong>The price included stay for 2,5 hours in wellness centre and rent of a blanket.<br \/>\n<span style=\"color: #ff0000;\">ADULT FRIENDLY WELLNESS. The entrance only from 18 years. NO SWIMMWEAR ZONE!<\/span><\/strong><\/p>\n<h4>INFO &amp; RESERVATIONS<\/h4>\n<p>Hotel reserves the right to change the opening hours. For current information about the opening hours and wellness center availability please contact the hotel reception: <strong>phone: +421 44 431 31 16, e-mail: recepcia@hotelkultura.sk<\/strong><\/p>\n<\/div>\n<\/div>\n<\/div>\n<\/div>\n<\/div>\n<\/div>\n<\/div>\n<\/div>\n<\/div>\n","protected":false},"excerpt":{"rendered":"<p>Visit the biggest wellness center in Ruzomberok. Let yourself draw in with a vision of a perfect relaxation for your body and mind.<\/p>\n","protected":false},"author":3,"featured_media":0,"parent":0,"menu_order":18,"comment_status":"closed","ping_status":"closed","template":"","meta":{"footnotes":""},"class_list":["post-1120","page","type-page","status-publish","hentry"],"yoast_head":"<!-- This site is optimized with the Yoast SEO plugin v25.3 - https:\/\/yoast.com\/wordpress\/plugins\/seo\/ -->\n<title>WELLNESS TERRA REUCHE | Hotel Kult\u00fara<\/title>\n<meta name=\"description\" content=\"(Sloven\u010dina) Nav\u0161t\u00edvte najv\u00e4\u010d\u0161ie wellness centrum v Ru\u017eomberku a vychutnajte si zasl\u00fa\u017een\u00fd relax v historickom Hoteli Kult\u00fara****\u2764\ufe0f\" \/>\n<meta name=\"robots\" content=\"index, follow, max-snippet:-1, max-image-preview:large, max-video-preview:-1\" \/>\n<link rel=\"canonical\" href=\"https:\/\/www.hotelkultura.sk\/wellness-ruzomberok\/\" \/>\n<meta property=\"og:locale\" content=\"en_US\" \/>\n<meta property=\"og:type\" content=\"article\" \/>\n<meta property=\"og:title\" content=\"WELLNESS TERRA REUCHE | Hotel Kult\u00fara\" \/>\n<meta property=\"og:description\" content=\"{:sk}Nav\u0161t\u00edvte najv\u00e4\u010d\u0161ie wellness centrum v Ru\u017eomberku a vychutnajte si zasl\u00fa\u017een\u00fd relax v historickom Hoteli Kult\u00fara****\u2764\ufe0f{:}\" \/>\n<meta property=\"og:url\" content=\"https:\/\/www.hotelkultura.sk\/wellness-ruzomberok\/\" \/>\n<meta property=\"og:site_name\" content=\"Hotel Kult\u00fara\" \/>\n<meta property=\"article:publisher\" content=\"https:\/\/www.facebook.com\/hotelkultura.sk\/\" \/>\n<meta property=\"article:modified_time\" content=\"2026-05-08T08:12:07+00:00\" \/>\n<meta property=\"og:image\" content=\"https:\/\/www.hotelkultura.sk\/wp-content\/uploads\/2023\/07\/IMG_6941-scaled.jpg\" \/>\n\t<meta property=\"og:image:width\" content=\"2560\" \/>\n\t<meta property=\"og:image:height\" content=\"1707\" \/>\n\t<meta property=\"og:image:type\" content=\"image\/jpeg\" \/>\n<meta name=\"twitter:card\" content=\"summary_large_image\" \/>\n<meta name=\"twitter:label1\" content=\"Est. reading time\" \/>\n\t<meta name=\"twitter:data1\" content=\"4 minutes\" \/>\n<script type=\"application\/ld+json\" class=\"yoast-schema-graph\">{\"@context\":\"https:\/\/schema.org\",\"@graph\":[{\"@type\":\"WebPage\",\"@id\":\"https:\/\/www.hotelkultura.sk\/wellness-ruzomberok\/\",\"url\":\"https:\/\/www.hotelkultura.sk\/wellness-ruzomberok\/\",\"name\":\"WELLNESS TERRA REUCHE | Hotel Kult\u00fara\",\"isPartOf\":{\"@id\":\"https:\/\/www.hotelkultura.sk\/#website\"},\"primaryImageOfPage\":{\"@id\":\"https:\/\/www.hotelkultura.sk\/wellness-ruzomberok\/#primaryimage\"},\"image\":{\"@id\":\"https:\/\/www.hotelkultura.sk\/wellness-ruzomberok\/#primaryimage\"},\"thumbnailUrl\":\"https:\/\/hotelkultura.sk\/wp-content\/uploads\/2019\/07\/wellness-2.jpg\",\"datePublished\":\"2019-04-09T13:42:37+00:00\",\"dateModified\":\"2026-05-08T08:12:07+00:00\",\"description\":\"{:sk}Nav\u0161t\u00edvte najv\u00e4\u010d\u0161ie wellness centrum v Ru\u017eomberku a vychutnajte si zasl\u00fa\u017een\u00fd relax v historickom Hoteli Kult\u00fara****\u2764\ufe0f{:}\",\"breadcrumb\":{\"@id\":\"https:\/\/www.hotelkultura.sk\/wellness-ruzomberok\/#breadcrumb\"},\"inLanguage\":\"en-US\",\"potentialAction\":[{\"@type\":\"ReadAction\",\"target\":[\"https:\/\/www.hotelkultura.sk\/wellness-ruzomberok\/\"]}]},{\"@type\":\"ImageObject\",\"inLanguage\":\"en-US\",\"@id\":\"https:\/\/www.hotelkultura.sk\/wellness-ruzomberok\/#primaryimage\",\"url\":\"https:\/\/hotelkultura.sk\/wp-content\/uploads\/2019\/07\/wellness-2.jpg\",\"contentUrl\":\"https:\/\/hotelkultura.sk\/wp-content\/uploads\/2019\/07\/wellness-2.jpg\"},{\"@type\":\"BreadcrumbList\",\"@id\":\"https:\/\/www.hotelkultura.sk\/wellness-ruzomberok\/#breadcrumb\",\"itemListElement\":[{\"@type\":\"ListItem\",\"position\":1,\"name\":\"Home\",\"item\":\"https:\/\/www.hotelkultura.sk\/\"},{\"@type\":\"ListItem\",\"position\":2,\"name\":\"WELLNESS TERRA REUCHE\"}]},{\"@type\":\"WebSite\",\"@id\":\"https:\/\/www.hotelkultura.sk\/#website\",\"url\":\"https:\/\/www.hotelkultura.sk\/\",\"name\":\"Hotel Kult\u00fara\",\"description\":\"\",\"publisher\":{\"@id\":\"https:\/\/www.hotelkultura.sk\/#organization\"},\"potentialAction\":[{\"@type\":\"SearchAction\",\"target\":{\"@type\":\"EntryPoint\",\"urlTemplate\":\"https:\/\/www.hotelkultura.sk\/?s={search_term_string}\"},\"query-input\":{\"@type\":\"PropertyValueSpecification\",\"valueRequired\":true,\"valueName\":\"search_term_string\"}}],\"inLanguage\":\"en-US\"},{\"@type\":\"Organization\",\"@id\":\"https:\/\/www.hotelkultura.sk\/#organization\",\"name\":\"Hotel Kult\u00fara\",\"url\":\"https:\/\/www.hotelkultura.sk\/\",\"logo\":{\"@type\":\"ImageObject\",\"inLanguage\":\"en-US\",\"@id\":\"https:\/\/www.hotelkultura.sk\/#\/schema\/logo\/image\/\",\"url\":\"\",\"contentUrl\":\"\",\"caption\":\"Hotel Kult\u00fara\"},\"image\":{\"@id\":\"https:\/\/www.hotelkultura.sk\/#\/schema\/logo\/image\/\"},\"sameAs\":[\"https:\/\/www.facebook.com\/hotelkultura.sk\/\"]}]}<\/script>\n<!-- \/ Yoast SEO plugin. -->","yoast_head_json":{"title":"WELLNESS TERRA REUCHE | Hotel Kult\u00fara","description":"(Sloven\u010dina) Nav\u0161t\u00edvte najv\u00e4\u010d\u0161ie wellness centrum v Ru\u017eomberku a vychutnajte si zasl\u00fa\u017een\u00fd relax v historickom Hoteli Kult\u00fara****\u2764\ufe0f","robots":{"index":"index","follow":"follow","max-snippet":"max-snippet:-1","max-image-preview":"max-image-preview:large","max-video-preview":"max-video-preview:-1"},"canonical":"https:\/\/www.hotelkultura.sk\/wellness-ruzomberok\/","og_locale":"en_US","og_type":"article","og_title":"WELLNESS TERRA REUCHE | Hotel Kult\u00fara","og_description":"{:sk}Nav\u0161t\u00edvte najv\u00e4\u010d\u0161ie wellness centrum v Ru\u017eomberku a vychutnajte si zasl\u00fa\u017een\u00fd relax v historickom Hoteli Kult\u00fara****\u2764\ufe0f{:}","og_url":"https:\/\/www.hotelkultura.sk\/wellness-ruzomberok\/","og_site_name":"Hotel Kult\u00fara","article_publisher":"https:\/\/www.facebook.com\/hotelkultura.sk\/","article_modified_time":"2026-05-08T08:12:07+00:00","og_image":[{"width":2560,"height":1707,"url":"https:\/\/www.hotelkultura.sk\/wp-content\/uploads\/2023\/07\/IMG_6941-scaled.jpg","type":"image\/jpeg"}],"twitter_card":"summary_large_image","twitter_misc":{"Est. reading time":"4 minutes"},"schema":{"@context":"https:\/\/schema.org","@graph":[{"@type":"WebPage","@id":"https:\/\/www.hotelkultura.sk\/wellness-ruzomberok\/","url":"https:\/\/www.hotelkultura.sk\/wellness-ruzomberok\/","name":"WELLNESS TERRA REUCHE | Hotel Kult\u00fara","isPartOf":{"@id":"https:\/\/www.hotelkultura.sk\/#website"},"primaryImageOfPage":{"@id":"https:\/\/www.hotelkultura.sk\/wellness-ruzomberok\/#primaryimage"},"image":{"@id":"https:\/\/www.hotelkultura.sk\/wellness-ruzomberok\/#primaryimage"},"thumbnailUrl":"https:\/\/hotelkultura.sk\/wp-content\/uploads\/2019\/07\/wellness-2.jpg","datePublished":"2019-04-09T13:42:37+00:00","dateModified":"2026-05-08T08:12:07+00:00","description":"{:sk}Nav\u0161t\u00edvte najv\u00e4\u010d\u0161ie wellness centrum v Ru\u017eomberku a vychutnajte si zasl\u00fa\u017een\u00fd relax v historickom Hoteli Kult\u00fara****\u2764\ufe0f{:}","breadcrumb":{"@id":"https:\/\/www.hotelkultura.sk\/wellness-ruzomberok\/#breadcrumb"},"inLanguage":"en-US","potentialAction":[{"@type":"ReadAction","target":["https:\/\/www.hotelkultura.sk\/wellness-ruzomberok\/"]}]},{"@type":"ImageObject","inLanguage":"en-US","@id":"https:\/\/www.hotelkultura.sk\/wellness-ruzomberok\/#primaryimage","url":"https:\/\/hotelkultura.sk\/wp-content\/uploads\/2019\/07\/wellness-2.jpg","contentUrl":"https:\/\/hotelkultura.sk\/wp-content\/uploads\/2019\/07\/wellness-2.jpg"},{"@type":"BreadcrumbList","@id":"https:\/\/www.hotelkultura.sk\/wellness-ruzomberok\/#breadcrumb","itemListElement":[{"@type":"ListItem","position":1,"name":"Home","item":"https:\/\/www.hotelkultura.sk\/"},{"@type":"ListItem","position":2,"name":"WELLNESS TERRA REUCHE"}]},{"@type":"WebSite","@id":"https:\/\/www.hotelkultura.sk\/#website","url":"https:\/\/www.hotelkultura.sk\/","name":"Hotel Kult\u00fara","description":"","publisher":{"@id":"https:\/\/www.hotelkultura.sk\/#organization"},"potentialAction":[{"@type":"SearchAction","target":{"@type":"EntryPoint","urlTemplate":"https:\/\/www.hotelkultura.sk\/?s={search_term_string}"},"query-input":{"@type":"PropertyValueSpecification","valueRequired":true,"valueName":"search_term_string"}}],"inLanguage":"en-US"},{"@type":"Organization","@id":"https:\/\/www.hotelkultura.sk\/#organization","name":"Hotel Kult\u00fara","url":"https:\/\/www.hotelkultura.sk\/","logo":{"@type":"ImageObject","inLanguage":"en-US","@id":"https:\/\/www.hotelkultura.sk\/#\/schema\/logo\/image\/","url":"","contentUrl":"","caption":"Hotel Kult\u00fara"},"image":{"@id":"https:\/\/www.hotelkultura.sk\/#\/schema\/logo\/image\/"},"sameAs":["https:\/\/www.facebook.com\/hotelkultura.sk\/"]}]}},"_links":{"self":[{"href":"https:\/\/www.hotelkultura.sk\/en\/wp-json\/wp\/v2\/pages\/1120","targetHints":{"allow":["GET"]}}],"collection":[{"href":"https:\/\/www.hotelkultura.sk\/en\/wp-json\/wp\/v2\/pages"}],"about":[{"href":"https:\/\/www.hotelkultura.sk\/en\/wp-json\/wp\/v2\/types\/page"}],"author":[{"embeddable":true,"href":"https:\/\/www.hotelkultura.sk\/en\/wp-json\/wp\/v2\/users\/3"}],"replies":[{"embeddable":true,"href":"https:\/\/www.hotelkultura.sk\/en\/wp-json\/wp\/v2\/comments?post=1120"}],"version-history":[{"count":0,"href":"https:\/\/www.hotelkultura.sk\/en\/wp-json\/wp\/v2\/pages\/1120\/revisions"}],"wp:attachment":[{"href":"https:\/\/www.hotelkultura.sk\/en\/wp-json\/wp\/v2\/media?parent=1120"}],"curies":[{"name":"wp","href":"https:\/\/api.w.org\/{rel}","templated":true}]}}