{"id":1118,"date":"2019-04-09T15:42:03","date_gmt":"2019-04-09T13:42:03","guid":{"rendered":"https:\/\/hotelkultura.sk\/?page_id=1118"},"modified":"2026-04-08T14:51:14","modified_gmt":"2026-04-08T12:51:14","slug":"restauracia","status":"publish","type":"page","link":"https:\/\/www.hotelkultura.sk\/en\/gastronomy\/","title":{"rendered":"Restaurant"},"content":{"rendered":"<p><strong>Gastronomy in a Modern Style<\/strong><\/p>\n<p>Experience gastronomy in a modern style, led by our experienced culinary team. The exceptional atmosphere is enhanced by the elegant interiors of the Restaurant with a view of the historic center and the pedestrian zone.<\/p>\n<p>The Restaurant has a capacity of 70 seats with wheelchair access. In addition to a gastronomic experience, it is also suitable for weddings, family celebrations, and corporate gatherings. Currently, we do not offer lunch menus or dinners.<\/p>\n<p>Delicious breakfasts for both guests and external visitors are served in the restaurant on weekdays from 6:30 AM to 9:00 AM, and on weekends and holidays from 7:30 AM to 9:30 AM. You can find the breakfast menu here.<\/p>\n<p>&nbsp;<\/p>\n<p><a href=\"https:\/\/hotelkultura.sk\/wp-content\/uploads\/2019\/07\/restauracia-1.jpg\"><img decoding=\"async\" class=\"aligncenter size-full wp-image-1494\" src=\"https:\/\/hotelkultura.sk\/wp-content\/uploads\/2019\/07\/restauracia-1.jpg\" alt=\"Re\u0161taur\u00e1cia Hotel Kult\u00fara\" width=\"1400\" height=\"934\" srcset=\"https:\/\/www.hotelkultura.sk\/wp-content\/uploads\/2019\/07\/restauracia-1.jpg 1400w, https:\/\/www.hotelkultura.sk\/wp-content\/uploads\/2019\/07\/restauracia-1-768x512.jpg 768w, https:\/\/www.hotelkultura.sk\/wp-content\/uploads\/2019\/07\/restauracia-1-1024x683.jpg 1024w\" sizes=\"(max-width: 1400px) 100vw, 1400px\" \/><\/a><\/p>\n<p><strong>\u00a0<\/strong><\/p>\n<h3>Coffee lounge &#8211;\u00a0the place of meetings<\/h3>\n<p>In the coffee lounge space next door you can enjoy an <strong>excellent coffee, homemade cakes, Slovak wines, and great drinks<\/strong>. The coffee lounge is divided into smoking and non-smoking area.<\/p>\n<p>The new interior of the restaurant, the coffee lounge and the hotel hall mirror the elegance and history of the building, which is almost 100 years eye-catching part of the historical center in Ruzomberok. It is a\u00a0place for meetings for people of Ruzomberok, but also a\u00a0place for congresses and comfortable accommodation in the center of Ruzomberok.<\/p>\n<p>&nbsp;<\/p>\n<p><img decoding=\"async\" class=\"aligncenter size-full wp-image-1844\" src=\"https:\/\/hotelkultura.sk\/wp-content\/uploads\/2020\/01\/kk-15.jpg\" alt=\"\" width=\"1350\" height=\"888\" srcset=\"https:\/\/www.hotelkultura.sk\/wp-content\/uploads\/2020\/01\/kk-15.jpg 1350w, https:\/\/www.hotelkultura.sk\/wp-content\/uploads\/2020\/01\/kk-15-1024x674.jpg 1024w, https:\/\/www.hotelkultura.sk\/wp-content\/uploads\/2020\/01\/kk-15-768x505.jpg 768w\" sizes=\"(max-width: 1350px) 100vw, 1350px\" \/><\/p>\n<p>&nbsp;<\/p>\n<p><strong>\u00a0<\/strong><\/p>\n<h3>Bookings<\/h3>\n<p>Information about gastronomy we will provide on sales@hotelkultura.sk.<br \/>\nWe have experience with the preparation of different meals and services for big events (congresses, meetings, proms, weddings) and we will gladly advise you with menu creation.<\/p>\n<p><strong>Possibility of the event booking:<\/strong> <a href=\"mailto:sales@spajameslovensko.sk\">sales@spajameslovensko.sk<\/a><\/p>\n","protected":false},"excerpt":{"rendered":"<p>Take a taste of a traditional Slovak kitchen in a modern dress, under the lead of ou experienced team of cooks.<\/p>\n","protected":false},"author":3,"featured_media":0,"parent":0,"menu_order":20,"comment_status":"closed","ping_status":"closed","template":"","meta":{"footnotes":""},"class_list":["post-1118","page","type-page","status-publish","hentry"],"yoast_head":"<!-- This site is optimized with the Yoast SEO plugin v25.3 - https:\/\/yoast.com\/wordpress\/plugins\/seo\/ -->\n<title>Restaurant | Hotel Kult\u00fara<\/title>\n<meta name=\"robots\" content=\"index, follow, max-snippet:-1, max-image-preview:large, max-video-preview:-1\" \/>\n<link rel=\"canonical\" href=\"https:\/\/www.hotelkultura.sk\/gastronomia\/\" \/>\n<meta property=\"og:locale\" content=\"en_US\" \/>\n<meta property=\"og:type\" content=\"article\" \/>\n<meta property=\"og:title\" content=\"Restaurant | Hotel Kult\u00fara\" \/>\n<meta property=\"og:description\" content=\"Take a taste of a traditional Slovak kitchen in a modern dress, under the lead of ou experienced team of cooks.\" \/>\n<meta property=\"og:url\" content=\"https:\/\/www.hotelkultura.sk\/gastronomia\/\" \/>\n<meta property=\"og:site_name\" content=\"Hotel Kult\u00fara\" \/>\n<meta property=\"article:publisher\" content=\"https:\/\/www.facebook.com\/hotelkultura.sk\/\" \/>\n<meta property=\"article:modified_time\" content=\"2026-04-08T12:51:14+00:00\" \/>\n<meta property=\"og:image\" content=\"https:\/\/www.hotelkultura.sk\/wp-content\/uploads\/2019\/07\/restauracia-1.jpg\" \/>\n\t<meta property=\"og:image:width\" content=\"1400\" \/>\n\t<meta property=\"og:image:height\" content=\"934\" \/>\n\t<meta property=\"og:image:type\" content=\"image\/jpeg\" \/>\n<meta name=\"twitter:card\" content=\"summary_large_image\" \/>\n<meta name=\"twitter:label1\" content=\"Est. reading time\" \/>\n\t<meta name=\"twitter:data1\" content=\"2 minutes\" \/>\n<script type=\"application\/ld+json\" class=\"yoast-schema-graph\">{\"@context\":\"https:\/\/schema.org\",\"@graph\":[{\"@type\":\"WebPage\",\"@id\":\"https:\/\/www.hotelkultura.sk\/gastronomia\/\",\"url\":\"https:\/\/www.hotelkultura.sk\/gastronomia\/\",\"name\":\"Restaurant | Hotel Kult\u00fara\",\"isPartOf\":{\"@id\":\"https:\/\/www.hotelkultura.sk\/#website\"},\"primaryImageOfPage\":{\"@id\":\"https:\/\/www.hotelkultura.sk\/gastronomia\/#primaryimage\"},\"image\":{\"@id\":\"https:\/\/www.hotelkultura.sk\/gastronomia\/#primaryimage\"},\"thumbnailUrl\":\"https:\/\/hotelkultura.sk\/wp-content\/uploads\/2019\/07\/restauracia-1.jpg\",\"datePublished\":\"2019-04-09T13:42:03+00:00\",\"dateModified\":\"2026-04-08T12:51:14+00:00\",\"breadcrumb\":{\"@id\":\"https:\/\/www.hotelkultura.sk\/gastronomia\/#breadcrumb\"},\"inLanguage\":\"en-US\",\"potentialAction\":[{\"@type\":\"ReadAction\",\"target\":[\"https:\/\/www.hotelkultura.sk\/gastronomia\/\"]}]},{\"@type\":\"ImageObject\",\"inLanguage\":\"en-US\",\"@id\":\"https:\/\/www.hotelkultura.sk\/gastronomia\/#primaryimage\",\"url\":\"https:\/\/hotelkultura.sk\/wp-content\/uploads\/2019\/07\/restauracia-1.jpg\",\"contentUrl\":\"https:\/\/hotelkultura.sk\/wp-content\/uploads\/2019\/07\/restauracia-1.jpg\"},{\"@type\":\"BreadcrumbList\",\"@id\":\"https:\/\/www.hotelkultura.sk\/gastronomia\/#breadcrumb\",\"itemListElement\":[{\"@type\":\"ListItem\",\"position\":1,\"name\":\"Home\",\"item\":\"https:\/\/www.hotelkultura.sk\/\"},{\"@type\":\"ListItem\",\"position\":2,\"name\":\"Gastron\u00f3mia\"}]},{\"@type\":\"WebSite\",\"@id\":\"https:\/\/www.hotelkultura.sk\/#website\",\"url\":\"https:\/\/www.hotelkultura.sk\/\",\"name\":\"Hotel Kult\u00fara\",\"description\":\"\",\"publisher\":{\"@id\":\"https:\/\/www.hotelkultura.sk\/#organization\"},\"potentialAction\":[{\"@type\":\"SearchAction\",\"target\":{\"@type\":\"EntryPoint\",\"urlTemplate\":\"https:\/\/www.hotelkultura.sk\/?s={search_term_string}\"},\"query-input\":{\"@type\":\"PropertyValueSpecification\",\"valueRequired\":true,\"valueName\":\"search_term_string\"}}],\"inLanguage\":\"en-US\"},{\"@type\":\"Organization\",\"@id\":\"https:\/\/www.hotelkultura.sk\/#organization\",\"name\":\"Hotel Kult\u00fara\",\"url\":\"https:\/\/www.hotelkultura.sk\/\",\"logo\":{\"@type\":\"ImageObject\",\"inLanguage\":\"en-US\",\"@id\":\"https:\/\/www.hotelkultura.sk\/#\/schema\/logo\/image\/\",\"url\":\"\",\"contentUrl\":\"\",\"caption\":\"Hotel Kult\u00fara\"},\"image\":{\"@id\":\"https:\/\/www.hotelkultura.sk\/#\/schema\/logo\/image\/\"},\"sameAs\":[\"https:\/\/www.facebook.com\/hotelkultura.sk\/\"]}]}<\/script>\n<!-- \/ Yoast SEO plugin. -->","yoast_head_json":{"title":"Restaurant | Hotel Kult\u00fara","robots":{"index":"index","follow":"follow","max-snippet":"max-snippet:-1","max-image-preview":"max-image-preview:large","max-video-preview":"max-video-preview:-1"},"canonical":"https:\/\/www.hotelkultura.sk\/gastronomia\/","og_locale":"en_US","og_type":"article","og_title":"Restaurant | Hotel Kult\u00fara","og_description":"Take a taste of a traditional Slovak kitchen in a modern dress, under the lead of ou experienced team of cooks.","og_url":"https:\/\/www.hotelkultura.sk\/gastronomia\/","og_site_name":"Hotel Kult\u00fara","article_publisher":"https:\/\/www.facebook.com\/hotelkultura.sk\/","article_modified_time":"2026-04-08T12:51:14+00:00","og_image":[{"width":1400,"height":934,"url":"https:\/\/www.hotelkultura.sk\/wp-content\/uploads\/2019\/07\/restauracia-1.jpg","type":"image\/jpeg"}],"twitter_card":"summary_large_image","twitter_misc":{"Est. reading time":"2 minutes"},"schema":{"@context":"https:\/\/schema.org","@graph":[{"@type":"WebPage","@id":"https:\/\/www.hotelkultura.sk\/gastronomia\/","url":"https:\/\/www.hotelkultura.sk\/gastronomia\/","name":"Restaurant | Hotel Kult\u00fara","isPartOf":{"@id":"https:\/\/www.hotelkultura.sk\/#website"},"primaryImageOfPage":{"@id":"https:\/\/www.hotelkultura.sk\/gastronomia\/#primaryimage"},"image":{"@id":"https:\/\/www.hotelkultura.sk\/gastronomia\/#primaryimage"},"thumbnailUrl":"https:\/\/hotelkultura.sk\/wp-content\/uploads\/2019\/07\/restauracia-1.jpg","datePublished":"2019-04-09T13:42:03+00:00","dateModified":"2026-04-08T12:51:14+00:00","breadcrumb":{"@id":"https:\/\/www.hotelkultura.sk\/gastronomia\/#breadcrumb"},"inLanguage":"en-US","potentialAction":[{"@type":"ReadAction","target":["https:\/\/www.hotelkultura.sk\/gastronomia\/"]}]},{"@type":"ImageObject","inLanguage":"en-US","@id":"https:\/\/www.hotelkultura.sk\/gastronomia\/#primaryimage","url":"https:\/\/hotelkultura.sk\/wp-content\/uploads\/2019\/07\/restauracia-1.jpg","contentUrl":"https:\/\/hotelkultura.sk\/wp-content\/uploads\/2019\/07\/restauracia-1.jpg"},{"@type":"BreadcrumbList","@id":"https:\/\/www.hotelkultura.sk\/gastronomia\/#breadcrumb","itemListElement":[{"@type":"ListItem","position":1,"name":"Home","item":"https:\/\/www.hotelkultura.sk\/"},{"@type":"ListItem","position":2,"name":"Gastron\u00f3mia"}]},{"@type":"WebSite","@id":"https:\/\/www.hotelkultura.sk\/#website","url":"https:\/\/www.hotelkultura.sk\/","name":"Hotel Kult\u00fara","description":"","publisher":{"@id":"https:\/\/www.hotelkultura.sk\/#organization"},"potentialAction":[{"@type":"SearchAction","target":{"@type":"EntryPoint","urlTemplate":"https:\/\/www.hotelkultura.sk\/?s={search_term_string}"},"query-input":{"@type":"PropertyValueSpecification","valueRequired":true,"valueName":"search_term_string"}}],"inLanguage":"en-US"},{"@type":"Organization","@id":"https:\/\/www.hotelkultura.sk\/#organization","name":"Hotel Kult\u00fara","url":"https:\/\/www.hotelkultura.sk\/","logo":{"@type":"ImageObject","inLanguage":"en-US","@id":"https:\/\/www.hotelkultura.sk\/#\/schema\/logo\/image\/","url":"","contentUrl":"","caption":"Hotel Kult\u00fara"},"image":{"@id":"https:\/\/www.hotelkultura.sk\/#\/schema\/logo\/image\/"},"sameAs":["https:\/\/www.facebook.com\/hotelkultura.sk\/"]}]}},"_links":{"self":[{"href":"https:\/\/www.hotelkultura.sk\/en\/wp-json\/wp\/v2\/pages\/1118","targetHints":{"allow":["GET"]}}],"collection":[{"href":"https:\/\/www.hotelkultura.sk\/en\/wp-json\/wp\/v2\/pages"}],"about":[{"href":"https:\/\/www.hotelkultura.sk\/en\/wp-json\/wp\/v2\/types\/page"}],"author":[{"embeddable":true,"href":"https:\/\/www.hotelkultura.sk\/en\/wp-json\/wp\/v2\/users\/3"}],"replies":[{"embeddable":true,"href":"https:\/\/www.hotelkultura.sk\/en\/wp-json\/wp\/v2\/comments?post=1118"}],"version-history":[{"count":0,"href":"https:\/\/www.hotelkultura.sk\/en\/wp-json\/wp\/v2\/pages\/1118\/revisions"}],"wp:attachment":[{"href":"https:\/\/www.hotelkultura.sk\/en\/wp-json\/wp\/v2\/media?parent=1118"}],"curies":[{"name":"wp","href":"https:\/\/api.w.org\/{rel}","templated":true}]}}